{"id":9290,"date":"2023-09-22T10:30:43","date_gmt":"2023-09-22T10:30:44","guid":{"rendered":"https:\/\/ose-patterns.com\/?post_type=product&#038;p=9290"},"modified":"2024-06-26T20:19:17","modified_gmt":"2024-06-26T20:19:17","slug":"sewing-pattern-women-high-waisted-pants-glennon","status":"publish","type":"product","link":"https:\/\/ose-patterns.com\/en\/product\/sewing-pattern-women-high-waisted-pants-glennon","title":{"rendered":"GLENNON trousers"},"content":{"rendered":"<p>[et_pb_section fb_built=&#8221;1&#8243; _builder_version=&#8221;4.21.0&#8243; _module_preset=&#8221;default&#8221; global_colors_info=&#8221;{}&#8221;][\/et_pb_section]<\/p>\n","protected":false},"excerpt":{"rendered":"<h2><span style=\"color: #000000;\"><strong>A daring, fashionable volume<\/strong><strong><br \/>\n<\/strong><\/span><\/h2>\n<p><span style=\"color: #000000;\">GLENNON<\/span> is a <strong style=\"color: #000000;\">high-waisted pant<\/strong>, <span style=\"color: #000000;\">rather fitted at the waist and hips for a beautiful silhouette. It has a distinctive <strong>flared cut<\/strong>. The legs are wide and trendy and have cuffed hems. It features <strong>Italian pockets<\/strong>, a wide waistband with beautiful <\/span><strong><span style=\"color: #000000;\">belt loops <\/span><\/strong><span style=\"color: #000000;\"><span style=\"caret-color: #000000;\">and<\/span> backpockets.<\/span><span style=\"color: #000000;\">You will find two lengths :<\/span><\/p>\n<ul>\n<li><span style=\"color: #000000;\"><strong>Short<\/strong>, like a bermuda shorts<br \/>\n<\/span><\/li>\n<li><span style=\"color: #000000;\"><strong>Above the ankle<\/strong> (length 7\/8)<br \/>\n<\/span><\/li>\n<\/ul>\n<p><span style=\"color: #000000;\">You can adjust the length of <strong>GLENNON high-waisted pants<\/strong> using the explanations in the booklet.<\/span><\/p>\n<p><strong><span style=\"color: #000000;\">I&#8217;ll take you step-by-step through the sewing process. In addition to the instructions, a step-by-step video designed as a sewing course is available.<br \/>\n<\/span><\/strong><\/p>\n<p><strong>PDF sewing pattern in A4\/US LETTER and A0 format with fully illustrated instructions and video tutorial.<br \/>\nTutorial video with English subtitles<br \/>\n<\/strong><\/p>\n","protected":false},"featured_media":9330,"comment_status":"closed","ping_status":"closed","template":"","meta":{"_et_pb_use_builder":"on","_et_pb_old_content":"<h2><span style=\"color: #993300\"><b>Le contenu du t\u00e9l\u00e9chargement du patron PDF<\/b><\/span><\/h2>\r\n<ul>\r\n \t<li><span style=\"color: #000000\"><strong>Le patron PDF du 34 au 48 avec marges incluses<\/strong> en taille r\u00e9elle (A0 et A4\/ US Letter)<\/span>\r\n<ul>\r\n \t<li><span style=\"color: #000000\"><strong>Format A4\/US letter :<\/strong> 54 pages pour le pantalon ; 38 pages pour le bermuda<\/span><\/li>\r\n \t<li><span style=\"color: #000000\"><strong>Format A0<\/strong> : 3 pages pour le bermuda ; 2 pages pour le pantalon<\/span><\/li>\r\n \t<li><span style=\"color: #000000\">Les tailles sont pr\u00e9sent\u00e9es sur des <b>calques s\u00e9par\u00e9s<\/b>, permettant de faire appara\u00eetre uniquement la\u00b7les taille\u00b7s de votre choix<\/span><\/li>\r\n<\/ul>\r\n<\/li>\r\n \t<li><span style=\"color: #000000\"><strong>Un livret d'instructions<\/strong> illustr\u00e9 d\u00e9crivant toutes les \u00e9tapes pour coudre votre v\u00eatement<\/span><\/li>\r\n \t<li><span style=\"color: #000000\"><strong>Une m\u00e9thode pour r\u00e9aliser une toile de pantalon<\/strong> de 3 pages<\/span><\/li>\r\n \t<li><span style=\"color: #000000\"><strong>Un guide sur les ajustements<\/strong>, concis et accessible pour r\u00e9aliser des <strong>modifications<\/strong> simples<\/span><\/li>\r\n \t<li><span style=\"color: #000000\"><strong>Un cours vid\u00e9o<\/strong> disponible \u00e0 l'achat du patron. Pr\u00e9sent\u00e9 sous la forme d'un tutoriel p\u00e9dagogique, vous trouverez des <strong>techniques de pro<\/strong> que j'ai apprises en atelier et une d\u00e9mo claire de chaque \u00e9tape. Je vous transmets tout le savoir faire que j'ai acquis en maison.<\/span><\/li>\r\n<\/ul>\r\n<img class=\"aligncenter wp-image-9341 size-full\" src=\"https:\/\/ose-patterns.com\/wp-content\/uploads\/2023\/09\/patron-de-couture-pantalon-femme-taille-haute-evase-cours-video.gif\" alt=\"Patron de couture pantalon femme taille haute \u00e9vas\u00e9 s\u00e9zane sessun like cours vid\u00e9o\" width=\"500\" height=\"281\" \/>\r\n\r\n<hr \/>\r\n\r\n<h2><\/h2>\r\n<h2><span style=\"color: #993300\"><b>Les sp\u00e9cificit\u00e9s du patron de couture du pantalon GLENNON<\/b><\/span><\/h2>\r\n<h3><strong><span style=\"color: #000000\">Design et style<\/span><\/strong><\/h3>\r\n<span style=\"color: #000000\">GLENNON, c'est un pantalon <strong>taille haute ample<\/strong>, facile \u00e0 porter qui donne une allure folle \u00e0 toute tenue. <\/span><span style=\"color: #000000\">La jambe <strong>large et \u00e9vas\u00e9e<\/strong> rappelle le volume d'une <strong>jupe-culotte<\/strong>. J'aime beaucoup porter cette coupe que je trouve originale, confortable, avec beaucoup de personnalit\u00e9. Ce pantalon permet de cr\u00e9er des tenues \u00e0 la fois :<\/span>\r\n<ul>\r\n \t<li>D\u00e9contract\u00e9es, avec des baskets et un pullover ample<\/li>\r\n \t<li>Habill\u00e9es, avec des mocassins et de jolies socquettes, un gilet sans manche et une chemise<\/li>\r\n \t<li>Chics, avec des escarpins et pourquoi pas le <a href=\"https:\/\/ose-patterns.com\/produit\/patron-couture-femme-chemisier-arvo\">chemisier \u00e0 col smocking ARVO<\/a><\/li>\r\n<\/ul>\r\n<span style=\"color: #000000\">Deux longu<span style=\"color: #333333\">eurs vous sont propos\u00e9es :<\/span><\/span>\r\n<ul>\r\n \t<li><span style=\"color: #333333\">Longueur bermuda au-dessus du genou, parfait pour le printemps\/\u00e9t\u00e9 ou une version automne\/hiver \u00e0 porter avec des collants<\/span><\/li>\r\n \t<li><span style=\"color: #333333\">Longueur 7\/8 au-dessus de la cheville<\/span><\/li>\r\n<\/ul>\r\n<span style=\"color: #333333\">Vous pourrez adapter la longueur du pantalon GLENNON gr\u00e2ce aux explications contenues dans le livret.<\/span>\r\n<h3><span style=\"color: #333333\"><strong>Techniques de couture\r\n<\/strong><\/span><\/h3>\r\n<span style=\"color: #333333\"><b>Niveau <\/b><strong>: <\/strong>interm\u00e9diaire, vous avez d\u00e9j\u00e0 r\u00e9alis\u00e9 des projets couture. Le livret est d\u00e9taill\u00e9 et illustr\u00e9 \u00e9tape par \u00e9tape. Une vid\u00e9o pas \u00e0 pas compl\u00e8te est disponible. Il ne reste plus qu'\u00e0 oser. Un\u00b7e d\u00e9butant\u00b7e motiv\u00e9\u00b7e pourrait tout-\u00e0-fait se lancer !<\/span>\r\n\r\n<span style=\"color: #000000\"><span style=\"color: #333333\">Chaque technique prise une par une n'est pas difficile en soi. Je d\u00e9compose le projet en autant d'\u00e9tapes accessibles, que ce soit via les illustrations du livret ou dans le cours vid\u00e9o. Donc si vous avez envie de vous lancer, vous serez bien accompagn\u00e9.e.<\/span>\r\n<\/span>\r\n\r\n<span style=\"color: #000000\">M\u00eame si le patron de couture du pantalon GLENNON est adapt\u00e9 aux d\u00e9butants, j'ai voulu des <strong>finitions soign\u00e9es<\/strong> : biais \u00e0 la ceinture, \u00e0 la braguette et \u00e0 l'ourlet.<\/span>\r\n\r\n<span style=\"color: #000000\">Vous apprendrez des techniques utiles pour tous vos projets couture : le montage d'une braguette et la r\u00e9alisation de jolies surpiq\u00fbres, l'assemblage du pantalon, la r\u00e9alisation d'un revers, de la couture \u00e0 la main... <strong>le tout avec m\u00e9thode<\/strong>, <strong>p\u00e9dagogie<\/strong> et <strong>pr\u00e9cision !<\/strong>\r\n<\/span>\r\n\r\n&nbsp;\r\n\r\n<hr \/>\r\n\r\n<h2><b><span style=\"color: #993300\">L'accompagnement Ose Patterns<\/span>\r\n<\/b><\/h2>\r\n<h3><span style=\"color: #000000\"><strong><span style=\"color: #000000\">Si vous d\u00e9butez<\/span> <\/strong><\/span><\/h3>\r\n<span style=\"color: #000000\">D\u00e9j\u00e0 bravo \ud83c\udf89 et bienvenue dans le monde de la couture ! J'ai tout pr\u00e9vu pour que vous puissiez r\u00e9ussir :<\/span>\r\n<ul>\r\n \t<li><span style=\"color: #000000\"><strong>Un livret g\u00e9n\u00e9reusement illustr\u00e9<\/strong> (vraiment, je ne l\u00e9sine pas), \u00e9tape par \u00e9tape,<\/span><\/li>\r\n \t<li><span style=\"color: #000000\"><strong>Un glossaire \ud83d\udd24 <\/strong>des termes de la couture pour que vous n'ayez pas \u00e0 chercher partout\r\n<\/span><\/li>\r\n \t<li><span style=\"color: #000000\"><strong>Un cours vid\u00e9o complet, mais pas trop long non plus, bien film\u00e9 (en HD !)<\/strong> : il est compris dans l'achat bien-s\u00fbr, et je le r\u00e9serve uniquement aux personnes ayant achet\u00e9 le patron.<\/span><\/li>\r\n<\/ul>\r\n<span style=\"color: #000000\">L'accompagnement d'Ose Patterns est souvent d\u00e9crit par mes client.e.s comme \"<strong>fluide<\/strong>\", \"<strong>extr\u00eamement qualitatif<\/strong>\" et \"<strong>tr\u00e8s bien expliqu\u00e9<\/strong>\" :<\/span>\r\n\r\n<img class=\"aligncenter wp-image-8204\" src=\"https:\/\/ose-patterns.com\/wp-content\/uploads\/2022\/04\/Patrons-de-couture-de-qualite.jpg\" alt=\"Patrons de couture de qualit\u00e9 bien expliqu\u00e9s\" width=\"640\" height=\"1014\" \/>\r\n<h3><span style=\"color: #000000\"><strong>Pour les plus exp\u00e9riment\u00e9.e.s<\/strong><\/span><\/h3>\r\n<span style=\"color: #000000\">GLENNON est un <strong>projet couture aux finitions soign\u00e9es<\/strong>, particuli\u00e8rement au niveau de la ceinture et de la braguette. Vous pourrez utiliser vos chutes de tissu pour r\u00e9aliser de jolies finitions avec du biais et des fonds de poche assortis.\u00a0Mon exp\u00e9rience en atelier m'a appris \u00e0 travailler avec m\u00e9thode. Alors j'esp\u00e8re que vous apprendrez de nouvelles techniques et que, a minima, vous passerez un bon moment couture ! <\/span>\r\n\r\n<strong><span style=\"color: #000000\">\ud83d\udc93 Si vous aviez aim\u00e9 <\/span><a href=\"https:\/\/ose-patterns.com\/produit\/pantalon-steven\">le pantalon STEVEN<\/a><span style=\"color: #000000\">, vous trouverez les m\u00eames finitions pour la ceinture et la braguette de GLENNON. <\/span><\/strong>\r\n\r\n<span style=\"color: #000000\">Les deux pantalons ont les <strong>m\u00eames dimensions au niveau du tour de taille<\/strong>.\r\n<\/span><span style=\"color: #000000\">Sur la pantalon GLENNON, la jambe est plus \u00e9vas\u00e9e et comporte un revers. Vous trouverez \u00e9galement des passants \u00e0 la ceinture et des poches dans le dos.<\/span>\r\n\r\n<hr \/>\r\n\r\n<h2><span style=\"color: #993300\"><b>Tissu et fournitures\r\n<\/b><\/span><\/h2>\r\n<h3><strong>Quantit\u00e9 de tissu<\/strong><\/h3>\r\n<span style=\"color: #000000\">Une marge de s\u00e9curit\u00e9 de 10 cm a \u00e9t\u00e9 ajout\u00e9e au m\u00e9trage du tissu.<\/span>\r\n\r\n<img class=\"aligncenter size-full wp-image-9346\" src=\"https:\/\/ose-patterns.com\/wp-content\/uploads\/2023\/09\/Patron-de-couture-PDF-pantalon-femme-taille-haute-sessun-like.jpg\" alt=\"Patron de couture PDF femme pantalon taille haute \u00e9vas\u00e9 sessun like\" width=\"700\" height=\"812\" \/>\r\n\r\n&nbsp;\r\n<h3><span style=\"color: #000000\"><b>Suggestion de tissu pour le patron de couture du pantalon GLENNON\r\n<\/b><\/span><\/h3>\r\n<ul>\r\n \t<li><span style=\"color: #000000\">Un tissu moyen \u00e0 \u00e9pais comme une gabardine de coton serait parfait. M\u00eame un tissu plus l\u00e9ger comme le lin pourrait \u00e9galement convenir.<\/span><\/li>\r\n \t<li><span style=\"color: #000000\">Le patron est pens\u00e9 pour un tissu sans \u00e9lasthanne. Mais si le v\u00f4tre en contient un peu, cela pourra convenir, tant que le tissu ne s'\u00e9largit pas trop.<\/span><\/li>\r\n \t<li><span style=\"color: #000000\">Pour les fonds de poche et la ceinture int\u00e9rieure, vous pouvez utiliser un coton l\u00e9ger dans un motif assorti au tissu de votre pantalon.<\/span><\/li>\r\n \t<li><span style=\"color: #000000\">Vous pourrez d\u00e9couvrir des inspirations dans le livret, sur le compte <a href=\"https:\/\/www.pinterest.fr\/osepatterns\/\">Pinterest<\/a> d\u2019Ose Patterns sans oublier le hashtag <strong>#OseGlennon<\/strong>\u00a0sur <a href=\"http:\/\/instagram.com\/ose__patterns\">Instagram<\/a>.<\/span><\/li>\r\n<\/ul>\r\n<h3><span style=\"color: #000000\"><b>Mercerie<\/b><\/span><\/h3>\r\n<ul>\r\n \t<li><span style=\"color: #000000\">Tissu et thermocollant selon le m\u00e9trage indiqu\u00e9<\/span><\/li>\r\n \t<li><span style=\"color: #000000\">Biais<\/span><\/li>\r\n \t<li><span style=\"color: #000000\">Fil assorti<\/span><\/li>\r\n \t<li><span style=\"color: #000000\">Fermeture \u00e0 glissi\u00e8re en nylon de 15 cm ou plus (il suffira de couper).<\/span><\/li>\r\n \t<li><span style=\"color: #000000\">2 agrafes pour pantalon.<\/span><\/li>\r\n \t<li><span style=\"color: #000000\">1 bouton de 15 mm de diam\u00e8tre.<\/span><\/li>\r\n<\/ul>\r\n&nbsp;\r\n\r\n<hr \/>\r\n\r\n<h2><span style=\"color: #800000\"><strong>Tailles et mesures du v\u00eatement fini<\/strong><\/span><\/h2>\r\n<h3><span style=\"color: #000000\"><b>Tableau des tailles<\/b><\/span><\/h3>\r\n<span style=\"color: #000000\">Les mod\u00e8les d\u2019Ose Patterns sont con\u00e7us pour une stature de 168 cm.<\/span>\r\n\r\n<img class=\"aligncenter wp-image-8101\" src=\"https:\/\/ose-patterns.com\/wp-content\/uploads\/2023\/05\/Ose-Patterns-Tableau-des-tailles-V2.jpg\" alt=\"Tableau des tailles Ose Patterns\" width=\"603\" height=\"618\" \/>\r\n<h2><span style=\"color: #000000\"><b>Mesures du v\u00eatement fini<\/b><\/span><\/h2>\r\n<ul>\r\n \t<li><span style=\"color: #000000\">Les mesures finies permettent d\u2019affiner votre choix de taille selon vos pr\u00e9f\u00e9rences (plus ou moins ample\/ajust\u00e9). <\/span><span style=\"color: #000000\">N\u2019h\u00e9sitez pas \u00e0 comparer avec un autre v\u00eatement de votre garde-robe.<\/span><\/li>\r\n \t<li><span style=\"color: #000000\">Mon tour de grandes hanches est de 94 cm et je porte la taille 38 sur les exemplaires de d\u00e9monstration, soit une aisance de 15,5 cm.<\/span><\/li>\r\n \t<li><span style=\"color: #000000\">Le tableau complet figure dans le livret.<\/span><\/li>\r\n<\/ul>\r\n&nbsp;\r\n\r\n<img class=\"aligncenter size-full wp-image-9343\" src=\"https:\/\/ose-patterns.com\/wp-content\/uploads\/2023\/09\/Patron-de-couture-pantalon-femme-taille-haute-automne-hiver-4.jpg\" alt=\"Patron de couture femme pantalon \u00e9vas\u00e9 automne hiver S\u00e9zane Sessun like\" width=\"600\" height=\"549\" \/>","_et_gb_content_width":""},"product_brand":[],"product_cat":[47],"product_tag":[],"class_list":{"0":"post-9290","1":"product","2":"type-product","3":"status-publish","4":"has-post-thumbnail","6":"product_cat-bottom","8":"first","9":"instock","10":"downloadable","11":"virtual","12":"taxable","13":"purchasable","14":"product-type-simple"},"yoast_head":"<!-- This site is optimized with the Yoast SEO plugin v27.3 - https:\/\/yoast.com\/product\/yoast-seo-wordpress\/ -->\n<title>Sewing pattern for women - High-waisted flared trousers GLENNON - OSE PATTERNS<\/title>\n<meta name=\"description\" content=\"Sew the high-waisted flared trousers GLENNON by OSE PATTERNS. Beautiful finishings. A trendy silhouette. Meet you next sewing project !\" \/>\n<meta name=\"robots\" content=\"index, follow, max-snippet:-1, max-image-preview:large, max-video-preview:-1\" \/>\n<link rel=\"canonical\" href=\"https:\/\/ose-patterns.com\/en\/product\/sewing-pattern-women-high-waisted-pants-glennon\" \/>\n<meta property=\"og:locale\" content=\"en_US\" \/>\n<meta property=\"og:type\" content=\"article\" \/>\n<meta property=\"og:title\" content=\"Sewing pattern for women - High-waisted flared trousers GLENNON - OSE PATTERNS\" \/>\n<meta property=\"og:description\" content=\"Sew the high-waisted flared trousers GLENNON by OSE PATTERNS. Beautiful finishings. A trendy silhouette. Meet you next sewing project !\" \/>\n<meta property=\"og:url\" content=\"https:\/\/ose-patterns.com\/en\/product\/sewing-pattern-women-high-waisted-pants-glennon\" \/>\n<meta property=\"og:site_name\" content=\"OSE PATTERNS\" \/>\n<meta property=\"article:publisher\" content=\"https:\/\/www.facebook.com\/osepatterns\/\" \/>\n<meta property=\"article:modified_time\" content=\"2024-06-26T20:19:17+00:00\" \/>\n<meta property=\"og:image\" content=\"https:\/\/ose-patterns.com\/wp-content\/uploads\/2023\/09\/Patron-de-couture-PDF-femme-pantalon-taille-haute-glennon.jpg\" \/>\n\t<meta property=\"og:image:width\" content=\"800\" \/>\n\t<meta property=\"og:image:height\" content=\"1200\" \/>\n\t<meta property=\"og:image:type\" content=\"image\/jpeg\" \/>\n<meta name=\"twitter:card\" content=\"summary_large_image\" \/>\n<meta name=\"twitter:label1\" content=\"Est. reading time\" \/>\n\t<meta name=\"twitter:data1\" content=\"1 minute\" \/>\n<script type=\"application\/ld+json\" class=\"yoast-schema-graph\">{\"@context\":\"https:\\\/\\\/schema.org\",\"@graph\":[{\"@type\":\"WebPage\",\"@id\":\"https:\\\/\\\/ose-patterns.com\\\/en\\\/product\\\/sewing-pattern-women-high-waisted-pants-glennon\",\"url\":\"https:\\\/\\\/ose-patterns.com\\\/en\\\/product\\\/sewing-pattern-women-high-waisted-pants-glennon\",\"name\":\"Sewing pattern for women - High-waisted flared trousers GLENNON - OSE PATTERNS\",\"isPartOf\":{\"@id\":\"https:\\\/\\\/ose-patterns.com\\\/en#website\"},\"primaryImageOfPage\":{\"@id\":\"https:\\\/\\\/ose-patterns.com\\\/en\\\/product\\\/sewing-pattern-women-high-waisted-pants-glennon#primaryimage\"},\"image\":{\"@id\":\"https:\\\/\\\/ose-patterns.com\\\/en\\\/product\\\/sewing-pattern-women-high-waisted-pants-glennon#primaryimage\"},\"thumbnailUrl\":\"https:\\\/\\\/ose-patterns.com\\\/wp-content\\\/uploads\\\/2023\\\/09\\\/Patron-de-couture-PDF-femme-pantalon-taille-haute-glennon.jpg\",\"datePublished\":\"2023-09-22T10:30:44+00:00\",\"dateModified\":\"2024-06-26T20:19:17+00:00\",\"description\":\"Sew the high-waisted flared trousers GLENNON by OSE PATTERNS. Beautiful finishings. A trendy silhouette. Meet you next sewing project !\",\"breadcrumb\":{\"@id\":\"https:\\\/\\\/ose-patterns.com\\\/en\\\/product\\\/sewing-pattern-women-high-waisted-pants-glennon#breadcrumb\"},\"inLanguage\":\"en-US\",\"potentialAction\":[{\"@type\":\"ReadAction\",\"target\":[\"https:\\\/\\\/ose-patterns.com\\\/en\\\/product\\\/sewing-pattern-women-high-waisted-pants-glennon\"]}]},{\"@type\":\"ImageObject\",\"inLanguage\":\"en-US\",\"@id\":\"https:\\\/\\\/ose-patterns.com\\\/en\\\/product\\\/sewing-pattern-women-high-waisted-pants-glennon#primaryimage\",\"url\":\"https:\\\/\\\/ose-patterns.com\\\/wp-content\\\/uploads\\\/2023\\\/09\\\/Patron-de-couture-PDF-femme-pantalon-taille-haute-glennon.jpg\",\"contentUrl\":\"https:\\\/\\\/ose-patterns.com\\\/wp-content\\\/uploads\\\/2023\\\/09\\\/Patron-de-couture-PDF-femme-pantalon-taille-haute-glennon.jpg\",\"width\":800,\"height\":1200,\"caption\":\"Ose Patterns\"},{\"@type\":\"BreadcrumbList\",\"@id\":\"https:\\\/\\\/ose-patterns.com\\\/en\\\/product\\\/sewing-pattern-women-high-waisted-pants-glennon#breadcrumb\",\"itemListElement\":[{\"@type\":\"ListItem\",\"position\":1,\"name\":\"Accueil\",\"item\":\"https:\\\/\\\/ose-patterns.com\\\/en\"},{\"@type\":\"ListItem\",\"position\":2,\"name\":\"Home\",\"item\":\"https:\\\/\\\/ose-patterns.com\\\/\"},{\"@type\":\"ListItem\",\"position\":3,\"name\":\"GLENNON trousers\"}]},{\"@type\":\"WebSite\",\"@id\":\"https:\\\/\\\/ose-patterns.com\\\/en#website\",\"url\":\"https:\\\/\\\/ose-patterns.com\\\/en\",\"name\":\"OSE PATTERNS\",\"description\":\"Coudre pour avoir confiance en soi !\",\"publisher\":{\"@id\":\"https:\\\/\\\/ose-patterns.com\\\/en#organization\"},\"potentialAction\":[{\"@type\":\"SearchAction\",\"target\":{\"@type\":\"EntryPoint\",\"urlTemplate\":\"https:\\\/\\\/ose-patterns.com\\\/en?s={search_term_string}\"},\"query-input\":{\"@type\":\"PropertyValueSpecification\",\"valueRequired\":true,\"valueName\":\"search_term_string\"}}],\"inLanguage\":\"en-US\"},{\"@type\":\"Organization\",\"@id\":\"https:\\\/\\\/ose-patterns.com\\\/en#organization\",\"name\":\"Ose Patterns\",\"url\":\"https:\\\/\\\/ose-patterns.com\\\/en\",\"logo\":{\"@type\":\"ImageObject\",\"inLanguage\":\"en-US\",\"@id\":\"https:\\\/\\\/ose-patterns.com\\\/en#\\\/schema\\\/logo\\\/image\\\/\",\"url\":\"https:\\\/\\\/ose-patterns.com\\\/wp-content\\\/uploads\\\/2020\\\/09\\\/OSE-PATTERNS.jpg\",\"contentUrl\":\"https:\\\/\\\/ose-patterns.com\\\/wp-content\\\/uploads\\\/2020\\\/09\\\/OSE-PATTERNS.jpg\",\"width\":1920,\"height\":1358,\"caption\":\"Ose Patterns\"},\"image\":{\"@id\":\"https:\\\/\\\/ose-patterns.com\\\/en#\\\/schema\\\/logo\\\/image\\\/\"},\"sameAs\":[\"https:\\\/\\\/www.facebook.com\\\/osepatterns\\\/\",\"http:\\\/\\\/instagram.com\\\/ose__patterns\",\"https:\\\/\\\/www.pinterest.fr\\\/osepatterns\\\/\",\"https:\\\/\\\/www.youtube.com\\\/channel\\\/UCQZff_TlhDJgRZjVQu60hlw\\\/\"]}]}<\/script>\n<!-- \/ Yoast SEO plugin. -->","yoast_head_json":{"title":"Sewing pattern for women - High-waisted flared trousers GLENNON - OSE PATTERNS","description":"Sew the high-waisted flared trousers GLENNON by OSE PATTERNS. Beautiful finishings. A trendy silhouette. Meet you next sewing project !","robots":{"index":"index","follow":"follow","max-snippet":"max-snippet:-1","max-image-preview":"max-image-preview:large","max-video-preview":"max-video-preview:-1"},"canonical":"https:\/\/ose-patterns.com\/en\/product\/sewing-pattern-women-high-waisted-pants-glennon","og_locale":"en_US","og_type":"article","og_title":"Sewing pattern for women - High-waisted flared trousers GLENNON - OSE PATTERNS","og_description":"Sew the high-waisted flared trousers GLENNON by OSE PATTERNS. Beautiful finishings. A trendy silhouette. Meet you next sewing project !","og_url":"https:\/\/ose-patterns.com\/en\/product\/sewing-pattern-women-high-waisted-pants-glennon","og_site_name":"OSE PATTERNS","article_publisher":"https:\/\/www.facebook.com\/osepatterns\/","article_modified_time":"2024-06-26T20:19:17+00:00","og_image":[{"width":800,"height":1200,"url":"https:\/\/ose-patterns.com\/wp-content\/uploads\/2023\/09\/Patron-de-couture-PDF-femme-pantalon-taille-haute-glennon.jpg","type":"image\/jpeg"}],"twitter_card":"summary_large_image","twitter_misc":{"Est. reading time":"1 minute"},"schema":{"@context":"https:\/\/schema.org","@graph":[{"@type":"WebPage","@id":"https:\/\/ose-patterns.com\/en\/product\/sewing-pattern-women-high-waisted-pants-glennon","url":"https:\/\/ose-patterns.com\/en\/product\/sewing-pattern-women-high-waisted-pants-glennon","name":"Sewing pattern for women - High-waisted flared trousers GLENNON - OSE PATTERNS","isPartOf":{"@id":"https:\/\/ose-patterns.com\/en#website"},"primaryImageOfPage":{"@id":"https:\/\/ose-patterns.com\/en\/product\/sewing-pattern-women-high-waisted-pants-glennon#primaryimage"},"image":{"@id":"https:\/\/ose-patterns.com\/en\/product\/sewing-pattern-women-high-waisted-pants-glennon#primaryimage"},"thumbnailUrl":"https:\/\/ose-patterns.com\/wp-content\/uploads\/2023\/09\/Patron-de-couture-PDF-femme-pantalon-taille-haute-glennon.jpg","datePublished":"2023-09-22T10:30:44+00:00","dateModified":"2024-06-26T20:19:17+00:00","description":"Sew the high-waisted flared trousers GLENNON by OSE PATTERNS. Beautiful finishings. A trendy silhouette. Meet you next sewing project !","breadcrumb":{"@id":"https:\/\/ose-patterns.com\/en\/product\/sewing-pattern-women-high-waisted-pants-glennon#breadcrumb"},"inLanguage":"en-US","potentialAction":[{"@type":"ReadAction","target":["https:\/\/ose-patterns.com\/en\/product\/sewing-pattern-women-high-waisted-pants-glennon"]}]},{"@type":"ImageObject","inLanguage":"en-US","@id":"https:\/\/ose-patterns.com\/en\/product\/sewing-pattern-women-high-waisted-pants-glennon#primaryimage","url":"https:\/\/ose-patterns.com\/wp-content\/uploads\/2023\/09\/Patron-de-couture-PDF-femme-pantalon-taille-haute-glennon.jpg","contentUrl":"https:\/\/ose-patterns.com\/wp-content\/uploads\/2023\/09\/Patron-de-couture-PDF-femme-pantalon-taille-haute-glennon.jpg","width":800,"height":1200,"caption":"Ose Patterns"},{"@type":"BreadcrumbList","@id":"https:\/\/ose-patterns.com\/en\/product\/sewing-pattern-women-high-waisted-pants-glennon#breadcrumb","itemListElement":[{"@type":"ListItem","position":1,"name":"Accueil","item":"https:\/\/ose-patterns.com\/en"},{"@type":"ListItem","position":2,"name":"Home","item":"https:\/\/ose-patterns.com\/"},{"@type":"ListItem","position":3,"name":"GLENNON trousers"}]},{"@type":"WebSite","@id":"https:\/\/ose-patterns.com\/en#website","url":"https:\/\/ose-patterns.com\/en","name":"OSE PATTERNS","description":"Coudre pour avoir confiance en soi !","publisher":{"@id":"https:\/\/ose-patterns.com\/en#organization"},"potentialAction":[{"@type":"SearchAction","target":{"@type":"EntryPoint","urlTemplate":"https:\/\/ose-patterns.com\/en?s={search_term_string}"},"query-input":{"@type":"PropertyValueSpecification","valueRequired":true,"valueName":"search_term_string"}}],"inLanguage":"en-US"},{"@type":"Organization","@id":"https:\/\/ose-patterns.com\/en#organization","name":"Ose Patterns","url":"https:\/\/ose-patterns.com\/en","logo":{"@type":"ImageObject","inLanguage":"en-US","@id":"https:\/\/ose-patterns.com\/en#\/schema\/logo\/image\/","url":"https:\/\/ose-patterns.com\/wp-content\/uploads\/2020\/09\/OSE-PATTERNS.jpg","contentUrl":"https:\/\/ose-patterns.com\/wp-content\/uploads\/2020\/09\/OSE-PATTERNS.jpg","width":1920,"height":1358,"caption":"Ose Patterns"},"image":{"@id":"https:\/\/ose-patterns.com\/en#\/schema\/logo\/image\/"},"sameAs":["https:\/\/www.facebook.com\/osepatterns\/","http:\/\/instagram.com\/ose__patterns","https:\/\/www.pinterest.fr\/osepatterns\/","https:\/\/www.youtube.com\/channel\/UCQZff_TlhDJgRZjVQu60hlw\/"]}]}},"_links":{"self":[{"href":"https:\/\/ose-patterns.com\/en\/wp-json\/wp\/v2\/product\/9290","targetHints":{"allow":["GET"]}}],"collection":[{"href":"https:\/\/ose-patterns.com\/en\/wp-json\/wp\/v2\/product"}],"about":[{"href":"https:\/\/ose-patterns.com\/en\/wp-json\/wp\/v2\/types\/product"}],"replies":[{"embeddable":true,"href":"https:\/\/ose-patterns.com\/en\/wp-json\/wp\/v2\/comments?post=9290"}],"wp:featuredmedia":[{"embeddable":true,"href":"https:\/\/ose-patterns.com\/en\/wp-json\/wp\/v2\/media\/9330"}],"wp:attachment":[{"href":"https:\/\/ose-patterns.com\/en\/wp-json\/wp\/v2\/media?parent=9290"}],"wp:term":[{"taxonomy":"product_brand","embeddable":true,"href":"https:\/\/ose-patterns.com\/en\/wp-json\/wp\/v2\/product_brand?post=9290"},{"taxonomy":"product_cat","embeddable":true,"href":"https:\/\/ose-patterns.com\/en\/wp-json\/wp\/v2\/product_cat?post=9290"},{"taxonomy":"product_tag","embeddable":true,"href":"https:\/\/ose-patterns.com\/en\/wp-json\/wp\/v2\/product_tag?post=9290"}],"curies":[{"name":"wp","href":"https:\/\/api.w.org\/{rel}","templated":true}]}}