{"id":7911,"date":"2023-05-16T19:09:48","date_gmt":"2023-05-16T19:09:49","guid":{"rendered":"https:\/\/ose-patterns.com\/?post_type=product&#038;p=7911"},"modified":"2023-10-25T11:49:28","modified_gmt":"2023-10-25T11:49:28","slug":"arvo-shirt","status":"publish","type":"product","link":"https:\/\/ose-patterns.com\/en\/product\/arvo-shirt","title":{"rendered":"ARVO shirt"},"content":{"rendered":"<p>[et_pb_section fb_built=&#8221;1&#8243; _builder_version=&#8221;4.21.0&#8243; _module_preset=&#8221;default&#8221; global_colors_info=&#8221;{}&#8221;][\/et_pb_section]<\/p>\n","protected":false},"excerpt":{"rendered":"<h2><span style=\"color: #000000;\"><strong>A timeless design with clean lines<\/strong><strong><br \/>\n<\/strong><\/span><\/h2>\n<p><span style=\"color: #000000;\">ARVO is a <strong>tuxedo shirt<\/strong>, in its most <strong>minimalist<\/strong>, <strong>timeless<\/strong> expression. ARVO is inspired by the men&#8217;s wardrobe. It features fine, <strong>well-thought-out details<\/strong>: the <strong>proportions<\/strong> of the bib, their rounding that echoes the rounded <strong>slits<\/strong> on the side, as well as <strong>a back that is longer<\/strong> than the front.<\/span><\/p>\n<p><span style=\"color: #000000;\">ARVO is a loose-fitting shirt &#8211; but not oversized &#8211; that is slightly fitted at the waist. You will find two lengths :<\/span><\/p>\n<ul>\n<li><span style=\"color: #000000;\">Small hips length : easy to tuck into a pair of trousers or a skirt<br \/>\n<\/span><\/li>\n<li><span style=\"color: #000000;\">Full hips length : for those days when you want to cover up and remain elegant<br \/>\n<\/span><\/li>\n<\/ul>\n<p><span style=\"color: #000000;\">You could turn ARVO into a dress thanks to the instructions provided. Three collar variations are offered : a <strong>wing<\/strong> collar, a <strong>banded<\/strong> collar, and a <strong>rounded<\/strong> collar.<\/span><\/p>\n<p><strong><span style=\"color: #000000;\">I will guide you step by step during the sewing process of this shirt and its beautiful finishings. In addition to the instructions, a step-by-step video designed as a sewing course is available.<br \/>\n<\/span><\/strong><\/p>\n<p><strong>PDF sewing pattern in A4\/US LETTER and A0 format with fully illustrated instructions and video tutorial.<br \/>\nTutorial video with English subtitles<br \/>\n<\/strong><\/p>\n","protected":false},"featured_media":7963,"comment_status":"closed","ping_status":"closed","template":"","meta":{"_et_pb_use_builder":"on","_et_pb_old_content":"<h2><span style=\"color: #993300\"><b>Le contenu du t\u00e9l\u00e9chargement<\/b><\/span><\/h2>\r\n<ul>\r\n \t<li><span style=\"color: #000000\"><strong>Le patron PDF du 34 au 48 avec marges incluses<\/strong> en taille r\u00e9elle (A0 et A4\/ US Letter)<\/span>\r\n<ul>\r\n \t<li><span style=\"color: #000000\"><strong>Format A4\/US letter :<\/strong> 32 pages<\/span><\/li>\r\n \t<li><span style=\"color: #000000\"><strong>Format A0<\/strong> : 2 pages<\/span><\/li>\r\n \t<li><span style=\"color: #000000\">Les tailles sont pr\u00e9sent\u00e9es sur des <b>calques s\u00e9par\u00e9s<\/b>, permettant de faire appara\u00eetre uniquement la\u00b7les taille\u00b7s de votre choix<\/span><\/li>\r\n<\/ul>\r\n<\/li>\r\n \t<li><span style=\"color: #000000\"><strong>Un livret d'instructions<\/strong> illustr\u00e9 d\u00e9crivant toutes les \u00e9tapes pour coudre votre v\u00eatement<\/span><\/li>\r\n \t<li><span style=\"color: #000000\"><strong>Un guide<\/strong> concis et accessible pour r\u00e9aliser des <strong>ajustements<\/strong> simples<\/span><\/li>\r\n \t<li><span style=\"color: #000000\"><strong>Un cours vid\u00e9o<\/strong> disponible \u00e0 l'achat du patron. Pr\u00e9sent\u00e9 sous la forme d'un tutoriel p\u00e9dagogique, vous trouverez des <strong>techniques de pro<\/strong> que j'ai apprises en atelier et une d\u00e9mo claire de chaque \u00e9tape. Je vous transmets tout le savoir faire que j'ai acquis en maison.<\/span><\/li>\r\n<\/ul>\r\n<img class=\"aligncenter wp-image-8036 size-full\" src=\"https:\/\/ose-patterns.com\/wp-content\/uploads\/2023\/05\/Cours-ARVO-OSE-PATTERNS.gif\" alt=\"Cours video Ose Patterns\" width=\"600\" height=\"337\" \/>\r\n\r\n<hr \/>\r\n\r\n<h2><\/h2>\r\n<h2><span style=\"color: #993300\"><b>Les sp\u00e9cificit\u00e9s du mod\u00e8le<\/b><\/span><\/h2>\r\n<h3><span style=\"color: #000000\"><strong>Design et style<\/strong>\r\n<\/span><\/h3>\r\n<span style=\"color: #000000\">ARVO, c'est le <strong>chemisier smocking avec plastron<\/strong>, dans son expression la plus <strong>minimaliste<\/strong> et <strong>intemporelle<\/strong>. La version chemisier est boutonn\u00e9e de haut en bas. La version blouse est boutonn\u00e9e sur le plastron uniquement, avec une finition avec un biais apparent.\r\n<\/span>\r\n\r\n<span style=\"color: #000000\">Ample, sans \u00eatre \"oversized\" non plus, ARVO est facile \u00e0 porter. J'ai pr\u00e9vu deux longueurs, l'une arrivant aux petites hanches, et l'autre arrivant aux grandes hanches. Vous pourrez m\u00eame transformer ARVO en robe gr\u00e2ce aux explications contenues dans le livret. Trois variations de col sont propos\u00e9es : <\/span>\r\n<ul>\r\n \t<li><span style=\"color: #000000\"><strong>Un col smocking<\/strong> pour les occasions (ou non, d'ailleurs \ud83d\ude0e)\r\n<\/span><\/li>\r\n \t<li><span style=\"color: #000000\"><strong>Un col officier<\/strong>, plus \u00e9pur\u00e9 et d\u00e9contract\u00e9\r\n<\/span><\/li>\r\n \t<li><span style=\"color: #000000\"><strong>Un col arrondi<\/strong>, dans un esprit r\u00e9tro\r\n<\/span><\/li>\r\n<\/ul>\r\n<span style=\"color: #000000\">Avez-vous remarqu\u00e9 les <strong>fentes sur les c\u00f4t\u00e9s<\/strong> ? Ainsi que le <strong>dos l\u00e9g\u00e8rement plus long<\/strong> que le devant ?<\/span>\r\n<h3><strong>Techniques de couture\r\n<\/strong><\/h3>\r\n<span style=\"color: #000000\"><b>Niveau <\/b><strong>: <\/strong>interm\u00e9diaire, vous avez d\u00e9j\u00e0 r\u00e9alis\u00e9 des projets couture.<\/span>\r\n\r\n<span style=\"color: #000000\">Chaque technique prise une par une n'est pas difficile en soi. Je d\u00e9compose le projet en autant d'\u00e9tapes accessibles, que ce soit via les illustrations du livret ou dans le cours vid\u00e9o. Donc si vous avez envie de vous lancer, vous serez bien accompagn\u00e9.e.\r\n<\/span>\r\n\r\n<span style=\"color: #000000\">Parce que le chemisier est raffin\u00e9, j'ai voulu des finitions soign\u00e9es : que des coutures anglaises et aucune couture apparente. <\/span>\r\n\r\n<span style=\"color: #000000\">Vous apprendrez des techniques utiles pour tous vos projets couture :\r\nle montage sans couture apparente du plastron et du dos, le montage du col, les coutures anglaises, la r\u00e9alisation de l'ourlet arrondi, les manches chemisier... <strong>le tout avec m\u00e9thode<\/strong>, <strong>p\u00e9dagogie<\/strong> et <strong>pr\u00e9cision !<\/strong>\r\n<\/span>\r\n\r\n&nbsp;\r\n\r\n<hr \/>\r\n\r\n<h2><b><span style=\"color: #993300\">L'accompagnement Ose Patterns<\/span>\r\n<\/b><\/h2>\r\n<h3><span style=\"color: #000000\"><strong><span style=\"color: #000000\">Si vous d\u00e9butez<\/span> <\/strong><\/span><\/h3>\r\n<span style=\"color: #000000\">D\u00e9j\u00e0 bravo \ud83c\udf89 et bienvenue dans le monde de la couture ! J'ai tout pr\u00e9vu pour que vous puissiez r\u00e9ussir :<\/span>\r\n<ul>\r\n \t<li><span style=\"color: #000000\"><strong>Un livret g\u00e9n\u00e9reusement illustr\u00e9<\/strong> (vraiment, je ne l\u00e9sine pas), \u00e9tape par \u00e9tape,<\/span><\/li>\r\n \t<li><span style=\"color: #000000\"><strong>Un glossaire \ud83d\udd24 <\/strong>des termes de la couture pour que vous n'ayez pas \u00e0 chercher partout\r\n<\/span><\/li>\r\n \t<li><span style=\"color: #000000\"><strong>Un cours vid\u00e9o complet, mais pas trop long non plus, bien film\u00e9 (en HD !)<\/strong> : il est compris dans l'achat bien-s\u00fbr, et je le r\u00e9serve uniquement aux personnes ayant achet\u00e9 le patron.<\/span><\/li>\r\n<\/ul>\r\n<span style=\"color: #000000\">L'accompagnement d'Ose Patterns est souvent d\u00e9crit par mes client.e.s comme \"<strong>fluide<\/strong>\", \"<strong>extr\u00eamement qualitatif<\/strong>\" et \"<strong>tr\u00e8s bien expliqu\u00e9<\/strong>\" :<\/span>\r\n\r\n<img class=\"aligncenter size-full wp-image-7937\" src=\"https:\/\/ose-patterns.com\/wp-content\/uploads\/2023\/05\/Social-Proof-Website-01-1.jpg\" alt=\"Ose Patterns - Avis clients\" width=\"1920\" height=\"530\" \/>\r\n<h3><span style=\"color: #000000\"><strong>Pour les plus exp\u00e9riment\u00e9.e.s<\/strong><\/span><\/h3>\r\n<span style=\"color: #000000\">ARVO est un <strong>projet couture aux finitions ultra soign\u00e9es<\/strong> : il y a des coutures anglaises partout, y compris \u00e0 l'emmanchure. Le plastron est assembl\u00e9 <strong>sans couture apparente<\/strong>, tout comme l'empi\u00e8cement dos. Je vous propose une <strong>finition nette<\/strong> pour l'ourlet arrondi. Mon exp\u00e9rience en atelier m'a appris \u00e0 travailler avec m\u00e9thode. Alors j'esp\u00e8re que vous apprendrez de nouvelles techniques et que, a minima, vous passerez un bon moment couture ! <\/span>\r\n\r\n<strong><span style=\"color: #000000\">\ud83d\udc93 Si vous aviez aim\u00e9 <a href=\"https:\/\/ose-patterns.com\/produit\/pantalon-steven\">le pantalon STEVEN<\/a>, vous serez enchant\u00e9.e par les finitions d'ARVO.<\/span> <\/strong>\r\n\r\n<hr \/>\r\n\r\n<h2><span style=\"color: #993300\"><b>Tissu et fournitures\r\n<\/b><\/span><\/h2>\r\n<h3><strong>Quantit\u00e9 de tissu<\/strong><\/h3>\r\n<span style=\"color: #000000\">Une marge de s\u00e9curit\u00e9 de 10 cm a \u00e9t\u00e9 ajout\u00e9e au m\u00e9trage du tissu.<\/span>\r\n<span style=\"color: #000000\">La blouse est plus courte que le chemisier.<\/span>\r\n\r\n<img class=\"aligncenter size-full wp-image-8196\" src=\"https:\/\/ose-patterns.com\/wp-content\/uploads\/2023\/05\/Metrage-tissu-ARVO-1.jpg\" alt=\"Patron de couture chemisier femme avec vid\u00e9o\" width=\"900\" height=\"893\" \/>\r\n\r\n&nbsp;\r\n<h3><span style=\"color: #000000\"><b>Suggestion de tissu\r\n<\/b><\/span><\/h3>\r\n<ul>\r\n \t<li><span style=\"color: #000000\">Des tissus plut\u00f4t fins : un coton l\u00e9ger, une soie, un tencel, une viscose.<\/span><\/li>\r\n \t<li><span style=\"color: #000000\">Vous pouvez couper le col, le plastron, l\u2019empi\u00e8cement dos et les poignets dans un tissu diff\u00e9rent pour passer vos chutes et cr\u00e9er un r\u00e9sultat graphique.<\/span><\/li>\r\n \t<li><span style=\"color: #000000\">Vous pourrez d\u00e9couvrir des inspirations dans le livret, sur le compte <a href=\"https:\/\/www.pinterest.fr\/osepatterns\/\">Pinterest<\/a> d\u2019Ose Patterns sans oublier le hashtag <strong>#OseArvo<\/strong> sur <a href=\"http:\/\/instagram.com\/ose__patterns\">Instagram<\/a>.<\/span><\/li>\r\n<\/ul>\r\n&nbsp;\r\n\r\n<img class=\"aligncenter size-full wp-image-8194\" src=\"https:\/\/ose-patterns.com\/wp-content\/uploads\/2023\/05\/Patron-de-couture-Chemise-empiecement-devant.jpg\" alt=\"Patron de couture chemise en vid\u00e9o \" width=\"900\" height=\"1458\" \/>\r\n\r\n&nbsp;\r\n<h3><span style=\"color: #000000\"><b>Mercerie<\/b><\/span><\/h3>\r\n<ul>\r\n \t<li><span style=\"color: #000000\">Tissu et thermocollant selon le m\u00e9trage indiqu\u00e9<\/span><\/li>\r\n \t<li><span style=\"color: #000000\">Fil assorti<\/span><\/li>\r\n \t<li><span style=\"color: #000000\">Version chemisier : 13 boutons de diam\u00e8tre 12 mm<\/span><\/li>\r\n \t<li><span style=\"color: #000000\">Version blouse : 10 boutons de diam\u00e8tre 12 mm<\/span><\/li>\r\n \t<li><span style=\"color: #000000\">Version blouse : 1,10 m de biais de largeur 3 cm d\u00e9pli\u00e9. Si vous avez un biais de plus de 3 cm de largeur, il suffira de retirer l\u2019exc\u00e9dent.<\/span><\/li>\r\n<\/ul>\r\n&nbsp;\r\n\r\n<hr \/>\r\n\r\n<h2><span style=\"color: #800000\"><strong>Tailles et mesures du v\u00eatement fini<\/strong><\/span><\/h2>\r\n<h3><span style=\"color: #000000\"><b>Tableau des tailles<\/b><\/span><\/h3>\r\n<span style=\"color: #000000\">Les mod\u00e8les d\u2019Ose Patterns sont con\u00e7us pour une stature de 168 cm.<\/span>\r\n\r\n<img class=\"aligncenter size-full wp-image-8101\" src=\"https:\/\/ose-patterns.com\/wp-content\/uploads\/2023\/05\/Ose-Patterns-Tableau-des-tailles-V2.jpg\" alt=\"Tableau des tailles Ose Patterns\" width=\"900\" height=\"922\" \/>\r\n<h2><span style=\"color: #000000\"><b>Mesures du v\u00eatement fini<\/b><\/span><\/h2>\r\n<ul>\r\n \t<li><span style=\"color: #000000\">Les mesures finies permettent d\u2019affiner votre choix de taille selon vos pr\u00e9f\u00e9rences (plus ou moins ample\/ajust\u00e9). <\/span><span style=\"color: #000000\">N\u2019h\u00e9sitez pas \u00e0 comparer avec un autre v\u00eatement de votre garde-robe.<\/span><\/li>\r\n \t<li><span style=\"color: #000000\">Mon tour de poitrine est de 88 cm et je porte la taille 38 sur les exemplaires de d\u00e9monstration, soit une aisance de 19,8 cm.<\/span><\/li>\r\n \t<li><span style=\"color: #000000\">Le tableau complet figure dans le livret.<\/span><\/li>\r\n<\/ul>\r\n<img class=\"aligncenter size-full wp-image-8103\" src=\"https:\/\/ose-patterns.com\/wp-content\/uploads\/2023\/05\/Ose-Patterns-Vetement-fini-ARVO.jpg\" alt=\"Tableau v\u00eatement fini ARVO\" width=\"900\" height=\"887\" \/>\r\n\r\n&nbsp;","_et_gb_content_width":""},"product_brand":[],"product_cat":[44,43],"product_tag":[],"class_list":{"0":"post-7911","1":"product","2":"type-product","3":"status-publish","4":"has-post-thumbnail","6":"product_cat-dress","7":"product_cat-top","9":"first","10":"instock","11":"downloadable","12":"virtual","13":"taxable","14":"purchasable","15":"product-type-simple"},"yoast_head":"<!-- This site is optimized with the Yoast SEO plugin v27.3 - https:\/\/yoast.com\/product\/yoast-seo-wordpress\/ -->\n<title>ARVO shirt tuxedo shirt - OSE PATTERNS<\/title>\n<meta name=\"description\" content=\"ARVO, a timeless and sophisticated shirt. A casual and yet dressy style. Neat finishings. Step-by-step video course included.\" \/>\n<meta name=\"robots\" content=\"index, follow, max-snippet:-1, max-image-preview:large, max-video-preview:-1\" \/>\n<link rel=\"canonical\" href=\"https:\/\/ose-patterns.com\/en\/product\/arvo-shirt\" \/>\n<meta property=\"og:locale\" content=\"en_US\" \/>\n<meta property=\"og:type\" content=\"article\" \/>\n<meta property=\"og:title\" content=\"ARVO shirt tuxedo shirt - OSE PATTERNS\" \/>\n<meta property=\"og:description\" content=\"ARVO, a timeless and sophisticated shirt. A casual and yet dressy style. Neat finishings. Step-by-step video course included.\" \/>\n<meta property=\"og:url\" content=\"https:\/\/ose-patterns.com\/en\/product\/arvo-shirt\" \/>\n<meta property=\"og:site_name\" content=\"OSE PATTERNS\" \/>\n<meta property=\"article:publisher\" content=\"https:\/\/www.facebook.com\/osepatterns\/\" \/>\n<meta property=\"article:modified_time\" content=\"2023-10-25T11:49:28+00:00\" \/>\n<meta property=\"og:image\" content=\"https:\/\/ose-patterns.com\/wp-content\/uploads\/2023\/05\/ARVO-Ose-Patterns.jpg\" \/>\n\t<meta property=\"og:image:width\" content=\"900\" \/>\n\t<meta property=\"og:image:height\" content=\"1350\" \/>\n\t<meta property=\"og:image:type\" content=\"image\/jpeg\" \/>\n<meta name=\"twitter:card\" content=\"summary_large_image\" \/>\n<meta name=\"twitter:label1\" content=\"Est. reading time\" \/>\n\t<meta name=\"twitter:data1\" content=\"1 minute\" \/>\n<script type=\"application\/ld+json\" class=\"yoast-schema-graph\">{\"@context\":\"https:\\\/\\\/schema.org\",\"@graph\":[{\"@type\":\"WebPage\",\"@id\":\"https:\\\/\\\/ose-patterns.com\\\/en\\\/product\\\/arvo-shirt\",\"url\":\"https:\\\/\\\/ose-patterns.com\\\/en\\\/product\\\/arvo-shirt\",\"name\":\"ARVO shirt tuxedo shirt - OSE PATTERNS\",\"isPartOf\":{\"@id\":\"https:\\\/\\\/ose-patterns.com\\\/en#website\"},\"primaryImageOfPage\":{\"@id\":\"https:\\\/\\\/ose-patterns.com\\\/en\\\/product\\\/arvo-shirt#primaryimage\"},\"image\":{\"@id\":\"https:\\\/\\\/ose-patterns.com\\\/en\\\/product\\\/arvo-shirt#primaryimage\"},\"thumbnailUrl\":\"https:\\\/\\\/ose-patterns.com\\\/wp-content\\\/uploads\\\/2023\\\/05\\\/ARVO-Ose-Patterns.jpg\",\"datePublished\":\"2023-05-16T19:09:49+00:00\",\"dateModified\":\"2023-10-25T11:49:28+00:00\",\"description\":\"ARVO, a timeless and sophisticated shirt. A casual and yet dressy style. Neat finishings. Step-by-step video course included.\",\"breadcrumb\":{\"@id\":\"https:\\\/\\\/ose-patterns.com\\\/en\\\/product\\\/arvo-shirt#breadcrumb\"},\"inLanguage\":\"en-US\",\"potentialAction\":[{\"@type\":\"ReadAction\",\"target\":[\"https:\\\/\\\/ose-patterns.com\\\/en\\\/product\\\/arvo-shirt\"]}]},{\"@type\":\"ImageObject\",\"inLanguage\":\"en-US\",\"@id\":\"https:\\\/\\\/ose-patterns.com\\\/en\\\/product\\\/arvo-shirt#primaryimage\",\"url\":\"https:\\\/\\\/ose-patterns.com\\\/wp-content\\\/uploads\\\/2023\\\/05\\\/ARVO-Ose-Patterns.jpg\",\"contentUrl\":\"https:\\\/\\\/ose-patterns.com\\\/wp-content\\\/uploads\\\/2023\\\/05\\\/ARVO-Ose-Patterns.jpg\",\"width\":900,\"height\":1350,\"caption\":\"Chemisier plastron Ose Patterns\"},{\"@type\":\"BreadcrumbList\",\"@id\":\"https:\\\/\\\/ose-patterns.com\\\/en\\\/product\\\/arvo-shirt#breadcrumb\",\"itemListElement\":[{\"@type\":\"ListItem\",\"position\":1,\"name\":\"Accueil\",\"item\":\"https:\\\/\\\/ose-patterns.com\\\/en\"},{\"@type\":\"ListItem\",\"position\":2,\"name\":\"Home\",\"item\":\"https:\\\/\\\/ose-patterns.com\\\/\"},{\"@type\":\"ListItem\",\"position\":3,\"name\":\"ARVO shirt\"}]},{\"@type\":\"WebSite\",\"@id\":\"https:\\\/\\\/ose-patterns.com\\\/en#website\",\"url\":\"https:\\\/\\\/ose-patterns.com\\\/en\",\"name\":\"OSE PATTERNS\",\"description\":\"Coudre pour avoir confiance en soi !\",\"publisher\":{\"@id\":\"https:\\\/\\\/ose-patterns.com\\\/en#organization\"},\"potentialAction\":[{\"@type\":\"SearchAction\",\"target\":{\"@type\":\"EntryPoint\",\"urlTemplate\":\"https:\\\/\\\/ose-patterns.com\\\/en?s={search_term_string}\"},\"query-input\":{\"@type\":\"PropertyValueSpecification\",\"valueRequired\":true,\"valueName\":\"search_term_string\"}}],\"inLanguage\":\"en-US\"},{\"@type\":\"Organization\",\"@id\":\"https:\\\/\\\/ose-patterns.com\\\/en#organization\",\"name\":\"Ose Patterns\",\"url\":\"https:\\\/\\\/ose-patterns.com\\\/en\",\"logo\":{\"@type\":\"ImageObject\",\"inLanguage\":\"en-US\",\"@id\":\"https:\\\/\\\/ose-patterns.com\\\/en#\\\/schema\\\/logo\\\/image\\\/\",\"url\":\"https:\\\/\\\/ose-patterns.com\\\/wp-content\\\/uploads\\\/2020\\\/09\\\/OSE-PATTERNS.jpg\",\"contentUrl\":\"https:\\\/\\\/ose-patterns.com\\\/wp-content\\\/uploads\\\/2020\\\/09\\\/OSE-PATTERNS.jpg\",\"width\":1920,\"height\":1358,\"caption\":\"Ose Patterns\"},\"image\":{\"@id\":\"https:\\\/\\\/ose-patterns.com\\\/en#\\\/schema\\\/logo\\\/image\\\/\"},\"sameAs\":[\"https:\\\/\\\/www.facebook.com\\\/osepatterns\\\/\",\"http:\\\/\\\/instagram.com\\\/ose__patterns\",\"https:\\\/\\\/www.pinterest.fr\\\/osepatterns\\\/\",\"https:\\\/\\\/www.youtube.com\\\/channel\\\/UCQZff_TlhDJgRZjVQu60hlw\\\/\"]}]}<\/script>\n<!-- \/ Yoast SEO plugin. -->","yoast_head_json":{"title":"ARVO shirt tuxedo shirt - OSE PATTERNS","description":"ARVO, a timeless and sophisticated shirt. A casual and yet dressy style. Neat finishings. Step-by-step video course included.","robots":{"index":"index","follow":"follow","max-snippet":"max-snippet:-1","max-image-preview":"max-image-preview:large","max-video-preview":"max-video-preview:-1"},"canonical":"https:\/\/ose-patterns.com\/en\/product\/arvo-shirt","og_locale":"en_US","og_type":"article","og_title":"ARVO shirt tuxedo shirt - OSE PATTERNS","og_description":"ARVO, a timeless and sophisticated shirt. A casual and yet dressy style. Neat finishings. Step-by-step video course included.","og_url":"https:\/\/ose-patterns.com\/en\/product\/arvo-shirt","og_site_name":"OSE PATTERNS","article_publisher":"https:\/\/www.facebook.com\/osepatterns\/","article_modified_time":"2023-10-25T11:49:28+00:00","og_image":[{"width":900,"height":1350,"url":"https:\/\/ose-patterns.com\/wp-content\/uploads\/2023\/05\/ARVO-Ose-Patterns.jpg","type":"image\/jpeg"}],"twitter_card":"summary_large_image","twitter_misc":{"Est. reading time":"1 minute"},"schema":{"@context":"https:\/\/schema.org","@graph":[{"@type":"WebPage","@id":"https:\/\/ose-patterns.com\/en\/product\/arvo-shirt","url":"https:\/\/ose-patterns.com\/en\/product\/arvo-shirt","name":"ARVO shirt tuxedo shirt - OSE PATTERNS","isPartOf":{"@id":"https:\/\/ose-patterns.com\/en#website"},"primaryImageOfPage":{"@id":"https:\/\/ose-patterns.com\/en\/product\/arvo-shirt#primaryimage"},"image":{"@id":"https:\/\/ose-patterns.com\/en\/product\/arvo-shirt#primaryimage"},"thumbnailUrl":"https:\/\/ose-patterns.com\/wp-content\/uploads\/2023\/05\/ARVO-Ose-Patterns.jpg","datePublished":"2023-05-16T19:09:49+00:00","dateModified":"2023-10-25T11:49:28+00:00","description":"ARVO, a timeless and sophisticated shirt. A casual and yet dressy style. Neat finishings. Step-by-step video course included.","breadcrumb":{"@id":"https:\/\/ose-patterns.com\/en\/product\/arvo-shirt#breadcrumb"},"inLanguage":"en-US","potentialAction":[{"@type":"ReadAction","target":["https:\/\/ose-patterns.com\/en\/product\/arvo-shirt"]}]},{"@type":"ImageObject","inLanguage":"en-US","@id":"https:\/\/ose-patterns.com\/en\/product\/arvo-shirt#primaryimage","url":"https:\/\/ose-patterns.com\/wp-content\/uploads\/2023\/05\/ARVO-Ose-Patterns.jpg","contentUrl":"https:\/\/ose-patterns.com\/wp-content\/uploads\/2023\/05\/ARVO-Ose-Patterns.jpg","width":900,"height":1350,"caption":"Chemisier plastron Ose Patterns"},{"@type":"BreadcrumbList","@id":"https:\/\/ose-patterns.com\/en\/product\/arvo-shirt#breadcrumb","itemListElement":[{"@type":"ListItem","position":1,"name":"Accueil","item":"https:\/\/ose-patterns.com\/en"},{"@type":"ListItem","position":2,"name":"Home","item":"https:\/\/ose-patterns.com\/"},{"@type":"ListItem","position":3,"name":"ARVO shirt"}]},{"@type":"WebSite","@id":"https:\/\/ose-patterns.com\/en#website","url":"https:\/\/ose-patterns.com\/en","name":"OSE PATTERNS","description":"Coudre pour avoir confiance en soi !","publisher":{"@id":"https:\/\/ose-patterns.com\/en#organization"},"potentialAction":[{"@type":"SearchAction","target":{"@type":"EntryPoint","urlTemplate":"https:\/\/ose-patterns.com\/en?s={search_term_string}"},"query-input":{"@type":"PropertyValueSpecification","valueRequired":true,"valueName":"search_term_string"}}],"inLanguage":"en-US"},{"@type":"Organization","@id":"https:\/\/ose-patterns.com\/en#organization","name":"Ose Patterns","url":"https:\/\/ose-patterns.com\/en","logo":{"@type":"ImageObject","inLanguage":"en-US","@id":"https:\/\/ose-patterns.com\/en#\/schema\/logo\/image\/","url":"https:\/\/ose-patterns.com\/wp-content\/uploads\/2020\/09\/OSE-PATTERNS.jpg","contentUrl":"https:\/\/ose-patterns.com\/wp-content\/uploads\/2020\/09\/OSE-PATTERNS.jpg","width":1920,"height":1358,"caption":"Ose Patterns"},"image":{"@id":"https:\/\/ose-patterns.com\/en#\/schema\/logo\/image\/"},"sameAs":["https:\/\/www.facebook.com\/osepatterns\/","http:\/\/instagram.com\/ose__patterns","https:\/\/www.pinterest.fr\/osepatterns\/","https:\/\/www.youtube.com\/channel\/UCQZff_TlhDJgRZjVQu60hlw\/"]}]}},"_links":{"self":[{"href":"https:\/\/ose-patterns.com\/en\/wp-json\/wp\/v2\/product\/7911","targetHints":{"allow":["GET"]}}],"collection":[{"href":"https:\/\/ose-patterns.com\/en\/wp-json\/wp\/v2\/product"}],"about":[{"href":"https:\/\/ose-patterns.com\/en\/wp-json\/wp\/v2\/types\/product"}],"replies":[{"embeddable":true,"href":"https:\/\/ose-patterns.com\/en\/wp-json\/wp\/v2\/comments?post=7911"}],"wp:featuredmedia":[{"embeddable":true,"href":"https:\/\/ose-patterns.com\/en\/wp-json\/wp\/v2\/media\/7963"}],"wp:attachment":[{"href":"https:\/\/ose-patterns.com\/en\/wp-json\/wp\/v2\/media?parent=7911"}],"wp:term":[{"taxonomy":"product_brand","embeddable":true,"href":"https:\/\/ose-patterns.com\/en\/wp-json\/wp\/v2\/product_brand?post=7911"},{"taxonomy":"product_cat","embeddable":true,"href":"https:\/\/ose-patterns.com\/en\/wp-json\/wp\/v2\/product_cat?post=7911"},{"taxonomy":"product_tag","embeddable":true,"href":"https:\/\/ose-patterns.com\/en\/wp-json\/wp\/v2\/product_tag?post=7911"}],"curies":[{"name":"wp","href":"https:\/\/api.w.org\/{rel}","templated":true}]}}