{"id":6163,"date":"2022-06-06T14:51:22","date_gmt":"2022-06-06T14:51:23","guid":{"rendered":"https:\/\/ose-patterns.com\/?post_type=product&#038;p=6163"},"modified":"2022-07-23T13:34:08","modified_gmt":"2022-07-23T13:34:08","slug":"hack-brene-top","status":"publish","type":"product","link":"https:\/\/ose-patterns.com\/en\/product\/hack-brene-top","title":{"rendered":"Pattern hacking of the Bren\u00e9 top"},"content":{"rendered":"<p>[et_pb_section fb_built=&#8221;1&#8243; _builder_version=&#8221;4.9.0&#8243; _module_preset=&#8221;default&#8221; global_colors_info=&#8221;{}&#8221;][\/et_pb_section]<\/p>\n","protected":false},"excerpt":{"rendered":"<h2><span style=\"color: #000000;\"><strong>Learn pattern making by hacking the BREN\u00c9 top !<br \/>\n<\/strong><\/span><\/h2>\n<p><span style=\"font-weight: 400; color: #000000;\">If you have always wanted to learn <strong>pattern hacking<\/strong>, here is an easy alteration of the BREN\u00c9 top. We will change the hem line and create a shorter front and a longer back. <strong>This alteration will teach you some pattern hacking fundamentals that will be useful for any pattern.<\/strong> <\/span><\/p>\n<p><span style=\"color: #000000;\">You will trace the new lines with me and I will explain you all the steps.<\/span><strong><span style=\"color: #000000;\"><br \/>\n<\/span><\/strong><\/p>\n<p><strong>\u2139\ufe0f You will receive a two-page document with the instructions to make the pattern hacking.<br \/>\nThe pattern and the instructions of the BREN\u00c9 top are not included. But you can get them <a href=\"https:\/\/ose-patterns.com\/en\/product\/brene-top\">on this link<\/a>.<\/strong><\/p>\n<p><strong>\u00c9galement disponible en fran\u00e7ais<\/strong><\/p>\n","protected":false},"featured_media":6176,"comment_status":"closed","ping_status":"closed","template":"","meta":{"_et_pb_use_builder":"on","_et_pb_old_content":"<span style=\"color: #000000\"><b><span style=\"color: #800000\">The sewing pattern of the BREN\u00c9 top is not included.\r\n<\/span><\/b><b>You will receive the instructions to make the pattern hacking.\r\n<\/b>They are available as a <strong>free download<\/strong>. Add the instructions to your cart and create your account.\r\n<\/span><span style=\"color: #000000\">The instructions will be available on your account.<b>\r\n<a href=\"https:\/\/ose-patterns.com\/en\/product\/brene-top\">&gt; See the BREN\u00c9 top in the eshop<\/a><\/b><\/span>\r\n\r\n<span style=\"color: #000000\"><strong>Pattern hacking :<\/strong> alteration of the hem line, short at the front, long at the back<\/span>\r\n\r\n<span style=\"color: #000000\"><strong>Idea :<\/strong> to create a jumpsuit effect, wear a <a href=\"https:\/\/ose-patterns.com\/en\/product\/brene-top\"><strong>BREN\u00c9<\/strong><\/a> top the same colour as <a href=\"https:\/\/ose-patterns.com\/en\/product\/steven-trousers\"><strong>the STEVEN trousers<\/strong><\/a> .<\/span>\r\n\r\n<span style=\"color: #000000\"><strong>Tools :<\/strong> Japanese ruler, French curve, sticky tape, paper scissors, pencil<\/span>\r\n\r\n<span style=\"color: #000000\"><strong>Duration<\/strong> : 30 minutes (assembly time of the pattern not included)<\/span>\r\n\r\n<span style=\"color: #000000\"><b>Difficulty <\/b>: beginner<\/span>\r\n\r\n<hr \/>\r\n\r\n<h2><\/h2>\r\n<h2><span style=\"color: #000000\"><b>Fabric requirements and materials for the BREN\u00c9 top\r\n<\/b><\/span><\/h2>\r\n<h3><span style=\"color: #000000\"><b>Fabric requirements<\/b><\/span><\/h3>\r\n<span style=\"color: #000000\">10 cm \/ 4\u2019\u2019 allowance is added to the fabric requirement calculation.\r\n<\/span>\r\n\r\n<span style=\"color: #000000\"><img class=\"aligncenter wp-image-3962\" src=\"https:\/\/ose-patterns.com\/wp-content\/uploads\/2021\/05\/BRENE-fabric-requirements.png\" alt=\"BRENE Fabric requirements\" width=\"477\" height=\"199\" \/><\/span>\r\n<h3><span style=\"color: #000000\"><b>Suggested fabrics for the Bren\u00e9 top\r\n<\/b><\/span><\/h3>\r\n<span style=\"color: #000000\">Any light or medium weight fabric. If you are just starting to sew, choose a medium cotton fabric. For a flowing version of the top, choose silk, tencel or viscose fabric. Why not using a contrasting fabric from your leftover fabric scraps to make the lapel ?<\/span>\r\n<h3><span style=\"color: #000000\"><b>Materials for the BREN\u00c9 top<\/b><\/span><\/h3>\r\n<ul>\r\n \t<li style=\"font-weight: 400\"><span style=\"font-weight: 400;color: #000000\">Fabric and interfacing<\/span><\/li>\r\n \t<li><span style=\"color: #000000\">Thread<\/span><\/li>\r\n \t<li style=\"font-weight: 400\"><span style=\"font-weight: 400;color: #000000\">3 buttons (11 mm - 7\/16\u2033)\r\n<\/span><\/li>\r\n<\/ul>\r\n<h2><span style=\"color: #000000\"><b>Finished measurements of the BREN\u00c9 top\r\n<\/b><\/span><\/h2>\r\n<h3><span style=\"color: #000000\"><b>Size chart<\/b><\/span><\/h3>\r\n<span style=\"color: #000000\"><img class=\"aligncenter wp-image-4365\" src=\"https:\/\/ose-patterns.com\/wp-content\/uploads\/2020\/07\/Size-chart-Ose-Patterns.png\" alt=\"Size chart\" width=\"457\" height=\"232\" \/><\/span>\r\n<h3><span style=\"color: #000000\"><b>Measurements of the finished garment (regular version)<\/b><\/span><\/h3>\r\n<h2><\/h2>\r\n<img class=\"aligncenter wp-image-3964\" src=\"https:\/\/ose-patterns.com\/wp-content\/uploads\/2021\/05\/BRENE-finished-measurements.png\" alt=\"BRENE Finished measurements\" width=\"505\" height=\"420\" \/>\r\n<h2><\/h2>\r\n<h2><span style=\"color: #000000\"><b>Print-at-home PDF patterns<\/b><\/span><\/h2>\r\n<ul>\r\n \t<li style=\"font-weight: 400\"><span style=\"font-weight: 400;color: #000000\"><strong>Full-size pattern pieces<\/strong> in A4, US letter and A0 format.<\/span>\r\n<ul>\r\n \t<li><span style=\"color: #000000\"><strong>A4\/US letter format:<\/strong> 15 pages<\/span><\/li>\r\n \t<li><span style=\"color: #000000\"><strong>A0 Copy \/ shop format<\/strong> : 1 page<\/span><\/li>\r\n<\/ul>\r\n<\/li>\r\n \t<li style=\"font-weight: 400\"><span style=\"font-weight: 400;color: #000000\"><strong>A digital booklet<\/strong> with detailed instructions and illustrations ; I provide you with the tips and techniques that I learnt alonside professionnals<\/span><\/li>\r\n \t<li><span style=\"color: #000000\"><a style=\"color: #000000\" href=\"https:\/\/youtu.be\/XZJHLwlpZvs\"><strong>A video sew-along<\/strong><\/a> is available online to help you get started !<\/span><\/li>\r\n<\/ul>\r\n<ul>\r\n \t<li><span style=\"font-weight: 400;color: #000000\">Seam allowances are included.<\/span><\/li>\r\n \t<li><span style=\"color: #000000\"><span style=\"font-weight: 400\">Each size is in <\/span><b>a different layer<\/b> <span style=\"font-weight: 400\">making the pattern clearer and more readable.<\/span><\/span><\/li>\r\n<\/ul>","_et_gb_content_width":""},"product_brand":[],"product_cat":[52,43],"product_tag":[],"class_list":{"0":"post-6163","1":"product","2":"type-product","3":"status-publish","4":"has-post-thumbnail","6":"product_cat-pattern-hacking","7":"product_cat-top","9":"first","10":"instock","11":"downloadable","12":"virtual","13":"taxable","14":"purchasable","15":"product-type-simple"},"yoast_head":"<!-- This site is optimized with the Yoast SEO plugin v27.3 - https:\/\/yoast.com\/product\/yoast-seo-wordpress\/ -->\n<title>Pattern hacking of the Bren\u00e9 top - OSE PATTERNS<\/title>\n<meta name=\"description\" content=\"Hack the BREN\u00c9 top : a fun way to learn pattern making with Ose Patterns and transform your BREN\u00c9 top into #sezanelike top\" \/>\n<meta name=\"robots\" content=\"index, follow, max-snippet:-1, max-image-preview:large, max-video-preview:-1\" \/>\n<link rel=\"canonical\" href=\"https:\/\/ose-patterns.com\/en\/product\/hack-brene-top\" \/>\n<meta property=\"og:locale\" content=\"en_US\" \/>\n<meta property=\"og:type\" content=\"article\" \/>\n<meta property=\"og:title\" content=\"Pattern hacking of the Bren\u00e9 top - OSE PATTERNS\" \/>\n<meta property=\"og:description\" content=\"Hack the BREN\u00c9 top : a fun way to learn pattern making with Ose Patterns and transform your BREN\u00c9 top into #sezanelike top\" \/>\n<meta property=\"og:url\" content=\"https:\/\/ose-patterns.com\/en\/product\/hack-brene-top\" \/>\n<meta property=\"og:site_name\" content=\"OSE PATTERNS\" \/>\n<meta property=\"article:publisher\" content=\"https:\/\/www.facebook.com\/osepatterns\/\" \/>\n<meta property=\"article:modified_time\" content=\"2022-07-23T13:34:08+00:00\" \/>\n<meta property=\"og:image\" content=\"https:\/\/ose-patterns.com\/wp-content\/uploads\/2022\/06\/Ose-Patterns-Pattern-hacking-BRENE-6.jpg\" \/>\n\t<meta property=\"og:image:width\" content=\"800\" \/>\n\t<meta property=\"og:image:height\" content=\"1200\" \/>\n\t<meta property=\"og:image:type\" content=\"image\/jpeg\" \/>\n<meta name=\"twitter:card\" content=\"summary_large_image\" \/>\n<script type=\"application\/ld+json\" class=\"yoast-schema-graph\">{\"@context\":\"https:\\\/\\\/schema.org\",\"@graph\":[{\"@type\":\"WebPage\",\"@id\":\"https:\\\/\\\/ose-patterns.com\\\/en\\\/product\\\/hack-brene-top\",\"url\":\"https:\\\/\\\/ose-patterns.com\\\/en\\\/product\\\/hack-brene-top\",\"name\":\"Pattern hacking of the Bren\u00e9 top - OSE PATTERNS\",\"isPartOf\":{\"@id\":\"https:\\\/\\\/ose-patterns.com\\\/en#website\"},\"primaryImageOfPage\":{\"@id\":\"https:\\\/\\\/ose-patterns.com\\\/en\\\/product\\\/hack-brene-top#primaryimage\"},\"image\":{\"@id\":\"https:\\\/\\\/ose-patterns.com\\\/en\\\/product\\\/hack-brene-top#primaryimage\"},\"thumbnailUrl\":\"https:\\\/\\\/ose-patterns.com\\\/wp-content\\\/uploads\\\/2022\\\/06\\\/Ose-Patterns-Pattern-hacking-BRENE-6.jpg\",\"datePublished\":\"2022-06-06T14:51:23+00:00\",\"dateModified\":\"2022-07-23T13:34:08+00:00\",\"description\":\"Hack the BREN\u00c9 top : a fun way to learn pattern making with Ose Patterns and transform your BREN\u00c9 top into #sezanelike top\",\"breadcrumb\":{\"@id\":\"https:\\\/\\\/ose-patterns.com\\\/en\\\/product\\\/hack-brene-top#breadcrumb\"},\"inLanguage\":\"en-US\",\"potentialAction\":[{\"@type\":\"ReadAction\",\"target\":[\"https:\\\/\\\/ose-patterns.com\\\/en\\\/product\\\/hack-brene-top\"]}]},{\"@type\":\"ImageObject\",\"inLanguage\":\"en-US\",\"@id\":\"https:\\\/\\\/ose-patterns.com\\\/en\\\/product\\\/hack-brene-top#primaryimage\",\"url\":\"https:\\\/\\\/ose-patterns.com\\\/wp-content\\\/uploads\\\/2022\\\/06\\\/Ose-Patterns-Pattern-hacking-BRENE-6.jpg\",\"contentUrl\":\"https:\\\/\\\/ose-patterns.com\\\/wp-content\\\/uploads\\\/2022\\\/06\\\/Ose-Patterns-Pattern-hacking-BRENE-6.jpg\",\"width\":800,\"height\":1200,\"caption\":\"Ose Patterns - Learn pattern making by hacking the BRENE top\"},{\"@type\":\"BreadcrumbList\",\"@id\":\"https:\\\/\\\/ose-patterns.com\\\/en\\\/product\\\/hack-brene-top#breadcrumb\",\"itemListElement\":[{\"@type\":\"ListItem\",\"position\":1,\"name\":\"Accueil\",\"item\":\"https:\\\/\\\/ose-patterns.com\\\/en\"},{\"@type\":\"ListItem\",\"position\":2,\"name\":\"Home\",\"item\":\"https:\\\/\\\/ose-patterns.com\\\/\"},{\"@type\":\"ListItem\",\"position\":3,\"name\":\"Pattern hacking of the Bren\u00e9 top\"}]},{\"@type\":\"WebSite\",\"@id\":\"https:\\\/\\\/ose-patterns.com\\\/en#website\",\"url\":\"https:\\\/\\\/ose-patterns.com\\\/en\",\"name\":\"OSE PATTERNS\",\"description\":\"Coudre pour avoir confiance en soi !\",\"publisher\":{\"@id\":\"https:\\\/\\\/ose-patterns.com\\\/en#organization\"},\"potentialAction\":[{\"@type\":\"SearchAction\",\"target\":{\"@type\":\"EntryPoint\",\"urlTemplate\":\"https:\\\/\\\/ose-patterns.com\\\/en?s={search_term_string}\"},\"query-input\":{\"@type\":\"PropertyValueSpecification\",\"valueRequired\":true,\"valueName\":\"search_term_string\"}}],\"inLanguage\":\"en-US\"},{\"@type\":\"Organization\",\"@id\":\"https:\\\/\\\/ose-patterns.com\\\/en#organization\",\"name\":\"Ose Patterns\",\"url\":\"https:\\\/\\\/ose-patterns.com\\\/en\",\"logo\":{\"@type\":\"ImageObject\",\"inLanguage\":\"en-US\",\"@id\":\"https:\\\/\\\/ose-patterns.com\\\/en#\\\/schema\\\/logo\\\/image\\\/\",\"url\":\"https:\\\/\\\/ose-patterns.com\\\/wp-content\\\/uploads\\\/2020\\\/09\\\/OSE-PATTERNS.jpg\",\"contentUrl\":\"https:\\\/\\\/ose-patterns.com\\\/wp-content\\\/uploads\\\/2020\\\/09\\\/OSE-PATTERNS.jpg\",\"width\":1920,\"height\":1358,\"caption\":\"Ose Patterns\"},\"image\":{\"@id\":\"https:\\\/\\\/ose-patterns.com\\\/en#\\\/schema\\\/logo\\\/image\\\/\"},\"sameAs\":[\"https:\\\/\\\/www.facebook.com\\\/osepatterns\\\/\",\"http:\\\/\\\/instagram.com\\\/ose__patterns\",\"https:\\\/\\\/www.pinterest.fr\\\/osepatterns\\\/\",\"https:\\\/\\\/www.youtube.com\\\/channel\\\/UCQZff_TlhDJgRZjVQu60hlw\\\/\"]}]}<\/script>\n<!-- \/ Yoast SEO plugin. -->","yoast_head_json":{"title":"Pattern hacking of the Bren\u00e9 top - OSE PATTERNS","description":"Hack the BREN\u00c9 top : a fun way to learn pattern making with Ose Patterns and transform your BREN\u00c9 top into #sezanelike top","robots":{"index":"index","follow":"follow","max-snippet":"max-snippet:-1","max-image-preview":"max-image-preview:large","max-video-preview":"max-video-preview:-1"},"canonical":"https:\/\/ose-patterns.com\/en\/product\/hack-brene-top","og_locale":"en_US","og_type":"article","og_title":"Pattern hacking of the Bren\u00e9 top - OSE PATTERNS","og_description":"Hack the BREN\u00c9 top : a fun way to learn pattern making with Ose Patterns and transform your BREN\u00c9 top into #sezanelike top","og_url":"https:\/\/ose-patterns.com\/en\/product\/hack-brene-top","og_site_name":"OSE PATTERNS","article_publisher":"https:\/\/www.facebook.com\/osepatterns\/","article_modified_time":"2022-07-23T13:34:08+00:00","og_image":[{"width":800,"height":1200,"url":"https:\/\/ose-patterns.com\/wp-content\/uploads\/2022\/06\/Ose-Patterns-Pattern-hacking-BRENE-6.jpg","type":"image\/jpeg"}],"twitter_card":"summary_large_image","schema":{"@context":"https:\/\/schema.org","@graph":[{"@type":"WebPage","@id":"https:\/\/ose-patterns.com\/en\/product\/hack-brene-top","url":"https:\/\/ose-patterns.com\/en\/product\/hack-brene-top","name":"Pattern hacking of the Bren\u00e9 top - OSE PATTERNS","isPartOf":{"@id":"https:\/\/ose-patterns.com\/en#website"},"primaryImageOfPage":{"@id":"https:\/\/ose-patterns.com\/en\/product\/hack-brene-top#primaryimage"},"image":{"@id":"https:\/\/ose-patterns.com\/en\/product\/hack-brene-top#primaryimage"},"thumbnailUrl":"https:\/\/ose-patterns.com\/wp-content\/uploads\/2022\/06\/Ose-Patterns-Pattern-hacking-BRENE-6.jpg","datePublished":"2022-06-06T14:51:23+00:00","dateModified":"2022-07-23T13:34:08+00:00","description":"Hack the BREN\u00c9 top : a fun way to learn pattern making with Ose Patterns and transform your BREN\u00c9 top into #sezanelike top","breadcrumb":{"@id":"https:\/\/ose-patterns.com\/en\/product\/hack-brene-top#breadcrumb"},"inLanguage":"en-US","potentialAction":[{"@type":"ReadAction","target":["https:\/\/ose-patterns.com\/en\/product\/hack-brene-top"]}]},{"@type":"ImageObject","inLanguage":"en-US","@id":"https:\/\/ose-patterns.com\/en\/product\/hack-brene-top#primaryimage","url":"https:\/\/ose-patterns.com\/wp-content\/uploads\/2022\/06\/Ose-Patterns-Pattern-hacking-BRENE-6.jpg","contentUrl":"https:\/\/ose-patterns.com\/wp-content\/uploads\/2022\/06\/Ose-Patterns-Pattern-hacking-BRENE-6.jpg","width":800,"height":1200,"caption":"Ose Patterns - Learn pattern making by hacking the BRENE top"},{"@type":"BreadcrumbList","@id":"https:\/\/ose-patterns.com\/en\/product\/hack-brene-top#breadcrumb","itemListElement":[{"@type":"ListItem","position":1,"name":"Accueil","item":"https:\/\/ose-patterns.com\/en"},{"@type":"ListItem","position":2,"name":"Home","item":"https:\/\/ose-patterns.com\/"},{"@type":"ListItem","position":3,"name":"Pattern hacking of the Bren\u00e9 top"}]},{"@type":"WebSite","@id":"https:\/\/ose-patterns.com\/en#website","url":"https:\/\/ose-patterns.com\/en","name":"OSE PATTERNS","description":"Coudre pour avoir confiance en soi !","publisher":{"@id":"https:\/\/ose-patterns.com\/en#organization"},"potentialAction":[{"@type":"SearchAction","target":{"@type":"EntryPoint","urlTemplate":"https:\/\/ose-patterns.com\/en?s={search_term_string}"},"query-input":{"@type":"PropertyValueSpecification","valueRequired":true,"valueName":"search_term_string"}}],"inLanguage":"en-US"},{"@type":"Organization","@id":"https:\/\/ose-patterns.com\/en#organization","name":"Ose Patterns","url":"https:\/\/ose-patterns.com\/en","logo":{"@type":"ImageObject","inLanguage":"en-US","@id":"https:\/\/ose-patterns.com\/en#\/schema\/logo\/image\/","url":"https:\/\/ose-patterns.com\/wp-content\/uploads\/2020\/09\/OSE-PATTERNS.jpg","contentUrl":"https:\/\/ose-patterns.com\/wp-content\/uploads\/2020\/09\/OSE-PATTERNS.jpg","width":1920,"height":1358,"caption":"Ose Patterns"},"image":{"@id":"https:\/\/ose-patterns.com\/en#\/schema\/logo\/image\/"},"sameAs":["https:\/\/www.facebook.com\/osepatterns\/","http:\/\/instagram.com\/ose__patterns","https:\/\/www.pinterest.fr\/osepatterns\/","https:\/\/www.youtube.com\/channel\/UCQZff_TlhDJgRZjVQu60hlw\/"]}]}},"_links":{"self":[{"href":"https:\/\/ose-patterns.com\/en\/wp-json\/wp\/v2\/product\/6163","targetHints":{"allow":["GET"]}}],"collection":[{"href":"https:\/\/ose-patterns.com\/en\/wp-json\/wp\/v2\/product"}],"about":[{"href":"https:\/\/ose-patterns.com\/en\/wp-json\/wp\/v2\/types\/product"}],"replies":[{"embeddable":true,"href":"https:\/\/ose-patterns.com\/en\/wp-json\/wp\/v2\/comments?post=6163"}],"wp:featuredmedia":[{"embeddable":true,"href":"https:\/\/ose-patterns.com\/en\/wp-json\/wp\/v2\/media\/6176"}],"wp:attachment":[{"href":"https:\/\/ose-patterns.com\/en\/wp-json\/wp\/v2\/media?parent=6163"}],"wp:term":[{"taxonomy":"product_brand","embeddable":true,"href":"https:\/\/ose-patterns.com\/en\/wp-json\/wp\/v2\/product_brand?post=6163"},{"taxonomy":"product_cat","embeddable":true,"href":"https:\/\/ose-patterns.com\/en\/wp-json\/wp\/v2\/product_cat?post=6163"},{"taxonomy":"product_tag","embeddable":true,"href":"https:\/\/ose-patterns.com\/en\/wp-json\/wp\/v2\/product_tag?post=6163"}],"curies":[{"name":"wp","href":"https:\/\/api.w.org\/{rel}","templated":true}]}}