{"id":10181,"date":"2024-04-11T15:45:11","date_gmt":"2024-04-11T15:45:12","guid":{"rendered":"https:\/\/ose-patterns.com\/?post_type=product&#038;p=10181"},"modified":"2024-06-26T19:57:49","modified_gmt":"2024-06-26T19:57:49","slug":"yma-dress","status":"publish","type":"product","link":"https:\/\/ose-patterns.com\/en\/product\/yma-dress","title":{"rendered":"YMA dress"},"content":{"rendered":"<p>[et_pb_section fb_built=&#8221;1&#8243; _builder_version=&#8221;4.21.0&#8243; _module_preset=&#8221;default&#8221; global_colors_info=&#8221;{}&#8221;][\/et_pb_section]<\/p>\n","protected":false},"excerpt":{"rendered":"<p><span style=\"color: #000000;\"><strong>A &#8220;wow&#8221; dress that&#8217;s simple yet sophisticated<\/strong><\/span><br \/>\n<span style=\"color: #333333;\">The YMA dress, featuring a charming bodice inspired by a <strong>bustier<\/strong>, wide straps, and <strong>a slit skirt<\/strong>, promises a majestic and subtly sensual look. The height of the slit is adjustable. Its back is <strong>beautifully scooped<\/strong>. I wanted to create a stunning dress that is <strong>elegant<\/strong>, with flattering lines, and easy to wear.<\/span><\/p>\n<p><strong><span style=\"color: #000000;\"><span style=\"caret-color: #000000;\">Four cup depths<\/span><\/span><br \/>\n<\/strong><span style=\"color: #333333;\">To ensure as many people as possible can sew the YMA dress to their measurements, <strong>four cup depths<\/strong> are offered for each size, ranging from 34 to 48. The detailed measurements are provided below. Creating a <strong>muslin<\/strong> of the bodice will be essential for making any necessary adjustments to the cup.<\/span><\/p>\n<p><span style=\"color: #000000;\"><strong>Step-by-step guidance<\/strong><\/span><br \/>\n<span style=\"color: #000000;\">In addition to the booklet, you will have access to a tutorial video designed as <strong>a comprehensive sewing class<\/strong>. The purchase includes <\/span><span style=\"color: #000000;\">the PDF pattern in A4\/US Letter and A0 format<\/span> + <span style=\"color: #000000;\">a fully illustrated booklet + the <\/span> <span style=\"color: #000000;\">video tutorial. The booklet also includes a guide for creating the bodice <strong>muslin<\/strong> and making <strong>adjustments<\/strong>.<br \/>\n<\/span><\/p>\n<p><em><strong><span style=\"color: #000000;\">\u00c9galement disponible en fran\u00e7ais<\/span><\/strong><\/em><\/p>\n","protected":false},"featured_media":10360,"comment_status":"closed","ping_status":"closed","template":"","meta":{"_et_pb_use_builder":"on","_et_pb_old_content":"<h2><span style=\"color: #993300\"><b>PDF sewing pattern download content<\/b><\/span><\/h2>\n<ul>\n \t<li><span style=\"color: #000000\"><strong>The full size PDF pattern from sizes 34 to 48 (US sizes from 2 to 16) - seam allowances are included<\/strong> (A0 and A4\/ US Letter)<\/span>\n<ul>\n \t<li><span style=\"color: #000000\"><strong>A4\/US letter format :<\/strong> 34 pages<\/span><\/li>\n \t<li><span style=\"color: #000000\"><strong>A0 format<\/strong>: 2 pages<\/span><\/li>\n \t<li><span style=\"color: #000000\">Each size is in a <b>different layer<\/b>, making the pattern clearer and more readable<\/span><\/li>\n<\/ul>\n<\/li>\n \t<li><span style=\"color: #000000\"><strong>A fully illustrated booklet<\/strong> describing all the steps to sew your garment<\/span><\/li>\n \t<li><span style=\"color: #000000\">A 4-page <strong>method to create the muslin of the dress<\/strong><\/span><\/li>\n \t<li><span style=\"color: #000000\"><strong>A concise and accessible 6-page guide on adjustments<\/strong> for simple <strong>modifications<\/strong><\/span><\/li>\n \t<li><span style=\"color: #000000\"><strong>A video course<\/strong> available with the purchase of the pattern. The video is more than just a tutorial. You will find a clear demo of each step and <strong>professional techniques<\/strong>. I want to show you what I learnt while I was working in a Parisian workshop of a \"grande maison\".<\/span><\/li>\n<\/ul>\n<img class=\"aligncenter size-full wp-image-10361\" src=\"https:\/\/ose-patterns.com\/wp-content\/uploads\/2024\/04\/Ose-Patterns-patron-de-couture-YMA-extrait-cours-video-.gif\" alt=\"Ose Patterns - Women's Sewing Patterns - Elegant Long Dress Tutorial\" width=\"500\" height=\"281\">\n\n<hr>\n\n<h2><\/h2>\n<h2><span style=\"color: #993300\"><b>The specifics of the YMA dress sewing pattern<\/b><\/span><\/h2>\n<h3><strong><span style=\"color: #000000\">Design and style<\/span><\/strong><\/h3>\n<span style=\"color: #000000\">YMA is a <strong>long, sleeveless dress with wide straps<\/strong>. Its bodice is distinguished by its <strong>bustier<\/strong> style and a low back cutout. The skirt consists of several panels and features a slit at the front. You can, if you wish, position the slit at the back, on the sides, or adjust the height of the slit according to your preferences. The dress is fastened with an invisible zipper on the left side.<\/span>\n\n<span style=\"color: #000000\">I wanted to create a \u2018wow\u2019 dress, elegant with flattering lines and easy to wear. I find bustiers incredibly feminine but too tight. So, I envisioned this <strong>bodice that shapes beautifully without feeling constricting<\/strong>, featuring elegant lines. The neckline is both sexy and modest. And this daring slit that reveals the leg \ud83d\ude0d With the YMA dress, you\u2019ll never go unnoticed!<\/span>\n\n<span style=\"color: #000000\">Prefer a shorter skirt? More flared ? The booklet includes instructions to help you adjust the skirt to your liking.<\/span>\n<h3><span style=\"color: #333333\"><strong>Sewing techniques\n<\/strong><\/span><\/h3>\n<span style=\"color: #333333\"><b>Level<\/b><strong>:<\/strong> Intermediate. You have already completed sewing projects and are confident in making adjustments independently. Indeed, the bodice is designed to fit snugly and contour to your bust. For this pattern, it is essential to create a muslin to identify any adjustments needed for your body shape. The instructions are detailed and explained step by step. A step by step video tutorial is available.<\/span>\n\n<span style=\"color: #000000\"><span style=\"color: #333333\">Each technique is not difficult in itself. I break down the project into accessible steps, either through the illustrations or the video course. So if you want to get started, you are in the right place.<\/span><\/span>\n\n<span style=\"color: #000000\">You will learn useful techniques for all your sewing projects: installing a truly invisible zipper, hand stitching... <strong>all with method<\/strong>, <strong>teaching<\/strong>, and <strong>precision<\/strong>!\n<\/span>\n\n\u00a0\n\n<hr>\n\n<h2><b><span style=\"color: #993300\">I have your back<\/span>\n<\/b><\/h2>\n<h3><span style=\"color: #000000\"><strong><span style=\"color: #000000\">If you get started<\/span> <\/strong><\/span><\/h3>\n<span style=\"color: #000000\">Congratulations \ud83c\udf89 and welcome to the sewing world ! I've got you covered :<\/span>\n<ul>\n \t<li><span style=\"color: #000000\"><strong>A generously illustrated step-by-step booklet<\/strong> (and I am not joking)<\/span><\/li>\n \t<li><strong><span style=\"color: #000000\">Two guides: one to show you how to create a muslin, and another to guide you through the adjustments.<\/span><\/strong><\/li>\n \t<li><span style=\"color: #000000\"><strong>A glossary \ud83d\udd24<\/strong> of sewing terms (only in French)\n<\/span><\/li>\n \t<li><span style=\"color: #000000\"><strong>A complete video course that is not too long<\/strong> and well shot (in HD!): it is included in the purchase and only for people who bought the pattern.<\/span><\/li>\n<\/ul>\n<span style=\"color: #000000\">My clients often describe Ose Patterns' instructions as \"<strong>easy to follow<\/strong>\", \"<strong>high quality<\/strong>\" and \"<strong>very well explained<\/strong>\" :<\/span>\n\n<img class=\"aligncenter wp-image-8204\" src=\"https:\/\/ose-patterns.com\/wp-content\/uploads\/2022\/04\/Patrons-de-couture-de-qualite.jpg\" alt=\"High quality sewing patterns\" width=\"640\" height=\"1014\">\n<h3><span style=\"color: #000000\"><strong>For experienced sewers<\/strong><\/span><\/h3>\n<span style=\"color: #000000\">YMA is <strong>a sewing project with impeccable finishes<\/strong>. The bodice is neatly finished on the inside. I offer you a highly refined finish for the invisible zipper installation. My experience in a fashion house taught me how to work in a methodical way. I hope that you will learn new techniques and that you will enjoy your sewing time ! <\/span>\n\n<strong><span style=\"color: #000000\">\ud83d\udc93 If you're looking for another dress project with beautiful finishes, I highly recommend checking out<\/span> <a href=\"https:\/\/ose-patterns.com\/produit\/robe-pema\" target=\"_blank\" rel=\"noopener\">the PEMA dress<\/a>.<\/strong>\n\n<hr>\n\n<h2><span style=\"color: #993300\"><b>Fabric and supplies\n<\/b><\/span><\/h2>\n<h3><strong>Fabric requirements<\/strong><\/h3>\n<span style=\"color: #000000\">10 cm \/ 4\u2019\u2019 allowance is added to the main fabric requirement calculation.<\/span>\n\n<img class=\"aligncenter wp-image-10199\" src=\"https:\/\/ose-patterns.com\/wp-content\/uploads\/2024\/04\/Ose-Patterns-Patron-de-couture-femme-robe-longue-ete-YMA-Metrage-tissu.jpg\" alt=\"Sewing patterns woman long dress ceremony by Ose patterns - YMA dress \" width=\"500\" height=\"320\">\n<h3><span style=\"color: #000000\"><b>Fabric suggestions for the YMA dress\n<\/b><\/span><\/h3>\n<ul>\n \t<li><span style=\"color: #000000\">Medium or lightweight fabrics: linen, cotton, silk, Tencel, viscose... Choose a fabric depending on the result you are looking for (casual or stunning)<\/span><\/li>\n \t<li><span style=\"color: #000000\">You can find inspirations on page 9 or on the <a href=\"https:\/\/www.pinterest.fr\/osepatterns\/\">Ose Patterns Pinterest account<\/a>, and don\u2019t forget the hashtag <strong>#OseYma <\/strong> on <a href=\"http:\/\/instagram.com\/ose__patterns\">Instagram<\/a>.<\/span><\/li>\n<\/ul>\n<h3><img class=\"aligncenter wp-image-10213\" src=\"https:\/\/ose-patterns.com\/wp-content\/uploads\/2024\/04\/Ose-Patterns-Patron-de-couture-femme-robe-longue-ete-YMA-07.jpg\" alt=\"Sewing pattern for a long dress corset bustier style video - Ose Patterns \" width=\"500\" height=\"380\"><\/h3>\n<h3><span style=\"color: #000000\"><b>Supplies<\/b><\/span><\/h3>\n<ul>\n \t<li><span style=\"color: #000000\">Fabric and interfacing<\/span><\/li>\n \t<li><span style=\"color: #000000\">Thread<\/span><\/li>\n \t<li><span style=\"color: #000000\">60 cm nylon invisible zipper<\/span><\/li>\n<\/ul>\n\u00a0\n\n<hr>\n\n<h2><span style=\"color: #800000\"><strong>Sizes and measurements of the final garment<\/strong><\/span><\/h2>\n<h3><span style=\"color: #000000\"><b>Size chart<\/b><\/span><\/h3>\n<span style=\"color: #000000\">The pattern is drafted for a height of 168 cm \/ 5\u20196\u2019\u2019.\n<\/span><span style=\"color: #000000\">If your measurements fall between multiple sizes (which is quite common), you can blend these sizes. Everything is explained in the booklet.<\/span>\n\n<img class=\"aligncenter wp-image-10420\" src=\"https:\/\/ose-patterns.com\/wp-content\/uploads\/2024\/05\/Ose-Patterns-Patron-de-couture-femme-robe-longue-ete-YMA-tableau-tailles-V3-1.jpg\" alt=\"Sewing pattern for woman Ose Patterns dress\" width=\"612\" height=\"585\">\n<h2><span style=\"color: #000000\"><b>Measurements of the finished garment<\/b><\/span><\/h2>\n<ul>\n \t<li><span style=\"color: #000000\">The measurement of the finished garment allow you to choose your size according to your preference (with more or less ease). Feel free to compare with another garment in your wardrobe.<\/span><\/li>\n \t<li><span style=\"color: #000000\">My bust measurement is 88 cm, and I chose depth 2, size 38 for the samples (I don't wear any bra) The sewn bodice measures 86.6 cm (ease -1.4 cm). I achieve a sculpted effect, but with the open back, my chest isn't pressed flat either.<\/span><\/li>\n<\/ul>\n<img class=\"aligncenter wp-image-10368\" src=\"https:\/\/ose-patterns.com\/wp-content\/uploads\/2024\/04\/Ose-Patterns-Patron-de-couture-femme-robe-longue-ete-YMA-dimensions_vetement-fini.jpg\" alt=\"Learn how to sew with video tutorial with Ose Patterns long dress YMA\" width=\"582\" height=\"866\">\n\n\u00a0","_et_gb_content_width":""},"product_brand":[],"product_cat":[44,62],"product_tag":[],"class_list":{"0":"post-10181","1":"product","2":"type-product","3":"status-publish","4":"has-post-thumbnail","6":"product_cat-dress","7":"product_cat-skirt","9":"first","10":"instock","11":"featured","12":"downloadable","13":"virtual","14":"taxable","15":"purchasable","16":"product-type-simple"},"yoast_head":"<!-- This site is optimized with the Yoast SEO plugin v27.3 - https:\/\/yoast.com\/product\/yoast-seo-wordpress\/ -->\n<title>Women sewing patterns - Long summer dress with straps - OSE PATTERNS<\/title>\n<meta name=\"description\" content=\"YMA is your new summer dress with straps, elegant, timeless, and sensual. With a video tutorial. Pattern available for download in PDF format.\" \/>\n<meta name=\"robots\" content=\"index, follow, max-snippet:-1, max-image-preview:large, max-video-preview:-1\" \/>\n<link rel=\"canonical\" href=\"https:\/\/ose-patterns.com\/en\/product\/yma-dress\" \/>\n<meta property=\"og:locale\" content=\"en_US\" \/>\n<meta property=\"og:type\" content=\"article\" \/>\n<meta property=\"og:title\" content=\"Women sewing patterns - Long summer dress with straps - OSE PATTERNS\" \/>\n<meta property=\"og:description\" content=\"YMA is your new summer dress with straps, elegant, timeless, and sensual. With a video tutorial. Pattern available for download in PDF format.\" \/>\n<meta property=\"og:url\" content=\"https:\/\/ose-patterns.com\/en\/product\/yma-dress\" \/>\n<meta property=\"og:site_name\" content=\"OSE PATTERNS\" \/>\n<meta property=\"article:publisher\" content=\"https:\/\/www.facebook.com\/osepatterns\/\" \/>\n<meta property=\"article:modified_time\" content=\"2024-06-26T19:57:49+00:00\" \/>\n<meta property=\"og:image\" content=\"https:\/\/ose-patterns.com\/wp-content\/uploads\/2024\/04\/Patron-de-couture-robe-ete-femme-en-video-Ose-Patterns-1.jpg\" \/>\n\t<meta property=\"og:image:width\" content=\"900\" \/>\n\t<meta property=\"og:image:height\" content=\"1350\" \/>\n\t<meta property=\"og:image:type\" content=\"image\/jpeg\" \/>\n<meta name=\"twitter:card\" content=\"summary_large_image\" \/>\n<meta name=\"twitter:label1\" content=\"Est. reading time\" \/>\n\t<meta name=\"twitter:data1\" content=\"1 minute\" \/>\n<script type=\"application\/ld+json\" class=\"yoast-schema-graph\">{\"@context\":\"https:\\\/\\\/schema.org\",\"@graph\":[{\"@type\":\"WebPage\",\"@id\":\"https:\\\/\\\/ose-patterns.com\\\/en\\\/product\\\/yma-dress\",\"url\":\"https:\\\/\\\/ose-patterns.com\\\/en\\\/product\\\/yma-dress\",\"name\":\"Women sewing patterns - Long summer dress with straps - OSE PATTERNS\",\"isPartOf\":{\"@id\":\"https:\\\/\\\/ose-patterns.com\\\/en#website\"},\"primaryImageOfPage\":{\"@id\":\"https:\\\/\\\/ose-patterns.com\\\/en\\\/product\\\/yma-dress#primaryimage\"},\"image\":{\"@id\":\"https:\\\/\\\/ose-patterns.com\\\/en\\\/product\\\/yma-dress#primaryimage\"},\"thumbnailUrl\":\"https:\\\/\\\/ose-patterns.com\\\/wp-content\\\/uploads\\\/2024\\\/04\\\/Patron-de-couture-robe-ete-femme-en-video-Ose-Patterns-1.jpg\",\"datePublished\":\"2024-04-11T15:45:12+00:00\",\"dateModified\":\"2024-06-26T19:57:49+00:00\",\"description\":\"YMA is your new summer dress with straps, elegant, timeless, and sensual. With a video tutorial. Pattern available for download in PDF format.\",\"breadcrumb\":{\"@id\":\"https:\\\/\\\/ose-patterns.com\\\/en\\\/product\\\/yma-dress#breadcrumb\"},\"inLanguage\":\"en-US\",\"potentialAction\":[{\"@type\":\"ReadAction\",\"target\":[\"https:\\\/\\\/ose-patterns.com\\\/en\\\/product\\\/yma-dress\"]}]},{\"@type\":\"ImageObject\",\"inLanguage\":\"en-US\",\"@id\":\"https:\\\/\\\/ose-patterns.com\\\/en\\\/product\\\/yma-dress#primaryimage\",\"url\":\"https:\\\/\\\/ose-patterns.com\\\/wp-content\\\/uploads\\\/2024\\\/04\\\/Patron-de-couture-robe-ete-femme-en-video-Ose-Patterns-1.jpg\",\"contentUrl\":\"https:\\\/\\\/ose-patterns.com\\\/wp-content\\\/uploads\\\/2024\\\/04\\\/Patron-de-couture-robe-ete-femme-en-video-Ose-Patterns-1.jpg\",\"width\":900,\"height\":1350,\"caption\":\"Ose Patterns - Patrons de couture PDF de qualit\u00e9 - Robe longue d'\u00e9t\u00e9 \u00e0 bretelles fendue\"},{\"@type\":\"BreadcrumbList\",\"@id\":\"https:\\\/\\\/ose-patterns.com\\\/en\\\/product\\\/yma-dress#breadcrumb\",\"itemListElement\":[{\"@type\":\"ListItem\",\"position\":1,\"name\":\"Accueil\",\"item\":\"https:\\\/\\\/ose-patterns.com\\\/en\"},{\"@type\":\"ListItem\",\"position\":2,\"name\":\"Home\",\"item\":\"https:\\\/\\\/ose-patterns.com\\\/\"},{\"@type\":\"ListItem\",\"position\":3,\"name\":\"YMA dress\"}]},{\"@type\":\"WebSite\",\"@id\":\"https:\\\/\\\/ose-patterns.com\\\/en#website\",\"url\":\"https:\\\/\\\/ose-patterns.com\\\/en\",\"name\":\"OSE PATTERNS\",\"description\":\"Coudre pour avoir confiance en soi !\",\"publisher\":{\"@id\":\"https:\\\/\\\/ose-patterns.com\\\/en#organization\"},\"potentialAction\":[{\"@type\":\"SearchAction\",\"target\":{\"@type\":\"EntryPoint\",\"urlTemplate\":\"https:\\\/\\\/ose-patterns.com\\\/en?s={search_term_string}\"},\"query-input\":{\"@type\":\"PropertyValueSpecification\",\"valueRequired\":true,\"valueName\":\"search_term_string\"}}],\"inLanguage\":\"en-US\"},{\"@type\":\"Organization\",\"@id\":\"https:\\\/\\\/ose-patterns.com\\\/en#organization\",\"name\":\"Ose Patterns\",\"url\":\"https:\\\/\\\/ose-patterns.com\\\/en\",\"logo\":{\"@type\":\"ImageObject\",\"inLanguage\":\"en-US\",\"@id\":\"https:\\\/\\\/ose-patterns.com\\\/en#\\\/schema\\\/logo\\\/image\\\/\",\"url\":\"https:\\\/\\\/ose-patterns.com\\\/wp-content\\\/uploads\\\/2020\\\/09\\\/OSE-PATTERNS.jpg\",\"contentUrl\":\"https:\\\/\\\/ose-patterns.com\\\/wp-content\\\/uploads\\\/2020\\\/09\\\/OSE-PATTERNS.jpg\",\"width\":1920,\"height\":1358,\"caption\":\"Ose Patterns\"},\"image\":{\"@id\":\"https:\\\/\\\/ose-patterns.com\\\/en#\\\/schema\\\/logo\\\/image\\\/\"},\"sameAs\":[\"https:\\\/\\\/www.facebook.com\\\/osepatterns\\\/\",\"http:\\\/\\\/instagram.com\\\/ose__patterns\",\"https:\\\/\\\/www.pinterest.fr\\\/osepatterns\\\/\",\"https:\\\/\\\/www.youtube.com\\\/channel\\\/UCQZff_TlhDJgRZjVQu60hlw\\\/\"]}]}<\/script>\n<!-- \/ Yoast SEO plugin. -->","yoast_head_json":{"title":"Women sewing patterns - Long summer dress with straps - OSE PATTERNS","description":"YMA is your new summer dress with straps, elegant, timeless, and sensual. With a video tutorial. Pattern available for download in PDF format.","robots":{"index":"index","follow":"follow","max-snippet":"max-snippet:-1","max-image-preview":"max-image-preview:large","max-video-preview":"max-video-preview:-1"},"canonical":"https:\/\/ose-patterns.com\/en\/product\/yma-dress","og_locale":"en_US","og_type":"article","og_title":"Women sewing patterns - Long summer dress with straps - OSE PATTERNS","og_description":"YMA is your new summer dress with straps, elegant, timeless, and sensual. With a video tutorial. Pattern available for download in PDF format.","og_url":"https:\/\/ose-patterns.com\/en\/product\/yma-dress","og_site_name":"OSE PATTERNS","article_publisher":"https:\/\/www.facebook.com\/osepatterns\/","article_modified_time":"2024-06-26T19:57:49+00:00","og_image":[{"width":900,"height":1350,"url":"https:\/\/ose-patterns.com\/wp-content\/uploads\/2024\/04\/Patron-de-couture-robe-ete-femme-en-video-Ose-Patterns-1.jpg","type":"image\/jpeg"}],"twitter_card":"summary_large_image","twitter_misc":{"Est. reading time":"1 minute"},"schema":{"@context":"https:\/\/schema.org","@graph":[{"@type":"WebPage","@id":"https:\/\/ose-patterns.com\/en\/product\/yma-dress","url":"https:\/\/ose-patterns.com\/en\/product\/yma-dress","name":"Women sewing patterns - Long summer dress with straps - OSE PATTERNS","isPartOf":{"@id":"https:\/\/ose-patterns.com\/en#website"},"primaryImageOfPage":{"@id":"https:\/\/ose-patterns.com\/en\/product\/yma-dress#primaryimage"},"image":{"@id":"https:\/\/ose-patterns.com\/en\/product\/yma-dress#primaryimage"},"thumbnailUrl":"https:\/\/ose-patterns.com\/wp-content\/uploads\/2024\/04\/Patron-de-couture-robe-ete-femme-en-video-Ose-Patterns-1.jpg","datePublished":"2024-04-11T15:45:12+00:00","dateModified":"2024-06-26T19:57:49+00:00","description":"YMA is your new summer dress with straps, elegant, timeless, and sensual. With a video tutorial. Pattern available for download in PDF format.","breadcrumb":{"@id":"https:\/\/ose-patterns.com\/en\/product\/yma-dress#breadcrumb"},"inLanguage":"en-US","potentialAction":[{"@type":"ReadAction","target":["https:\/\/ose-patterns.com\/en\/product\/yma-dress"]}]},{"@type":"ImageObject","inLanguage":"en-US","@id":"https:\/\/ose-patterns.com\/en\/product\/yma-dress#primaryimage","url":"https:\/\/ose-patterns.com\/wp-content\/uploads\/2024\/04\/Patron-de-couture-robe-ete-femme-en-video-Ose-Patterns-1.jpg","contentUrl":"https:\/\/ose-patterns.com\/wp-content\/uploads\/2024\/04\/Patron-de-couture-robe-ete-femme-en-video-Ose-Patterns-1.jpg","width":900,"height":1350,"caption":"Ose Patterns - Patrons de couture PDF de qualit\u00e9 - Robe longue d'\u00e9t\u00e9 \u00e0 bretelles fendue"},{"@type":"BreadcrumbList","@id":"https:\/\/ose-patterns.com\/en\/product\/yma-dress#breadcrumb","itemListElement":[{"@type":"ListItem","position":1,"name":"Accueil","item":"https:\/\/ose-patterns.com\/en"},{"@type":"ListItem","position":2,"name":"Home","item":"https:\/\/ose-patterns.com\/"},{"@type":"ListItem","position":3,"name":"YMA dress"}]},{"@type":"WebSite","@id":"https:\/\/ose-patterns.com\/en#website","url":"https:\/\/ose-patterns.com\/en","name":"OSE PATTERNS","description":"Coudre pour avoir confiance en soi !","publisher":{"@id":"https:\/\/ose-patterns.com\/en#organization"},"potentialAction":[{"@type":"SearchAction","target":{"@type":"EntryPoint","urlTemplate":"https:\/\/ose-patterns.com\/en?s={search_term_string}"},"query-input":{"@type":"PropertyValueSpecification","valueRequired":true,"valueName":"search_term_string"}}],"inLanguage":"en-US"},{"@type":"Organization","@id":"https:\/\/ose-patterns.com\/en#organization","name":"Ose Patterns","url":"https:\/\/ose-patterns.com\/en","logo":{"@type":"ImageObject","inLanguage":"en-US","@id":"https:\/\/ose-patterns.com\/en#\/schema\/logo\/image\/","url":"https:\/\/ose-patterns.com\/wp-content\/uploads\/2020\/09\/OSE-PATTERNS.jpg","contentUrl":"https:\/\/ose-patterns.com\/wp-content\/uploads\/2020\/09\/OSE-PATTERNS.jpg","width":1920,"height":1358,"caption":"Ose Patterns"},"image":{"@id":"https:\/\/ose-patterns.com\/en#\/schema\/logo\/image\/"},"sameAs":["https:\/\/www.facebook.com\/osepatterns\/","http:\/\/instagram.com\/ose__patterns","https:\/\/www.pinterest.fr\/osepatterns\/","https:\/\/www.youtube.com\/channel\/UCQZff_TlhDJgRZjVQu60hlw\/"]}]}},"_links":{"self":[{"href":"https:\/\/ose-patterns.com\/en\/wp-json\/wp\/v2\/product\/10181","targetHints":{"allow":["GET"]}}],"collection":[{"href":"https:\/\/ose-patterns.com\/en\/wp-json\/wp\/v2\/product"}],"about":[{"href":"https:\/\/ose-patterns.com\/en\/wp-json\/wp\/v2\/types\/product"}],"replies":[{"embeddable":true,"href":"https:\/\/ose-patterns.com\/en\/wp-json\/wp\/v2\/comments?post=10181"}],"wp:featuredmedia":[{"embeddable":true,"href":"https:\/\/ose-patterns.com\/en\/wp-json\/wp\/v2\/media\/10360"}],"wp:attachment":[{"href":"https:\/\/ose-patterns.com\/en\/wp-json\/wp\/v2\/media?parent=10181"}],"wp:term":[{"taxonomy":"product_brand","embeddable":true,"href":"https:\/\/ose-patterns.com\/en\/wp-json\/wp\/v2\/product_brand?post=10181"},{"taxonomy":"product_cat","embeddable":true,"href":"https:\/\/ose-patterns.com\/en\/wp-json\/wp\/v2\/product_cat?post=10181"},{"taxonomy":"product_tag","embeddable":true,"href":"https:\/\/ose-patterns.com\/en\/wp-json\/wp\/v2\/product_tag?post=10181"}],"curies":[{"name":"wp","href":"https:\/\/api.w.org\/{rel}","templated":true}]}}